{"id":16428,"date":"2024-02-26T16:21:36","date_gmt":"2024-02-26T15:21:36","guid":{"rendered":"https:\/\/praline-chocolaterie.ch\/unternehmen\/"},"modified":"2024-09-06T00:10:10","modified_gmt":"2024-09-05T22:10:10","slug":"unternehmen","status":"publish","type":"page","link":"https:\/\/praline-chocolaterie.ch\/de\/unternehmen\/","title":{"rendered":"Unternehmen"},"content":{"rendered":"\t\t<div data-elementor-type=\"wp-page\" data-elementor-id=\"16428\" class=\"elementor elementor-16428 elementor-16218\">\n\t\t\t\t\t\t<section class=\"elementor-section elementor-top-section elementor-element elementor-element-a1d5f0c elementor-section-height-min-height lte-overlay-wrapper-semi-dark elementor-section-boxed elementor-section-height-default elementor-section-items-middle\" data-id=\"a1d5f0c\" data-element_type=\"section\" data-e-type=\"section\" data-settings=\"{&quot;background_background&quot;:&quot;classic&quot;}\">\n\t\t\t\t\t\t<div class=\"elementor-container elementor-column-gap-default\">\n\t\t\t\t\t<div class=\"elementor-column elementor-col-100 elementor-top-column elementor-element elementor-element-900117c\" data-id=\"900117c\" data-element_type=\"column\" data-e-type=\"column\">\n\t\t\t<div class=\"elementor-widget-wrap elementor-element-populated\">\n\t\t\t\t\t\t<div class=\"elementor-element elementor-element-e448f97 lte-heading-style-default elementor-widget elementor-widget-lte-header\" data-id=\"e448f97\" data-element_type=\"widget\" data-e-type=\"widget\" data-widget_type=\"lte-header.default\">\n\t\t\t\t<div class=\"elementor-widget-container\">\n\t\t\t\t\t<div class=\"lte-heading lte-style-default lte-color-second lte-subcolor-white has-subheader heading-tag-h2 heading-subtag-h6\"><div class=\"lte-heading-content\"><h6 class=\"lte-subheader\">Veranstaltung oder Firmengeschenk<\/h6><h2 class=\"lte-header\">Ma\u00dfgeschneiderte Erstellung<\/h2><\/div><\/div>\t\t\t\t<\/div>\n\t\t\t\t<\/div>\n\t\t\t\t\t<\/div>\n\t\t<\/div>\n\t\t\t\t\t<\/div>\n\t\t<\/section>\n\t\t\t\t<section class=\"lte-background-main elementor-section elementor-top-section elementor-element elementor-element-7ad305e elementor-section-full_width elementor-section-height-min-height lte-background-main elementor-section-height-default elementor-section-items-middle\" data-id=\"7ad305e\" data-element_type=\"section\" data-e-type=\"section\" data-settings=\"{&quot;background_background&quot;:&quot;classic&quot;}\">\n\t\t\t\t\t\t<div class=\"elementor-container elementor-column-gap-default\">\n\t\t\t\t\t<div class=\"elementor-column elementor-col-100 elementor-top-column elementor-element elementor-element-dec2cb7\" data-id=\"dec2cb7\" data-element_type=\"column\" data-e-type=\"column\">\n\t\t\t<div class=\"elementor-widget-wrap\">\n\t\t\t\t\t\t\t<\/div>\n\t\t<\/div>\n\t\t\t\t\t<\/div>\n\t\t<\/section>\n\t\t\t\t<section class=\"elementor-section elementor-top-section elementor-element elementor-element-a5da0b5 elementor-section-height-min-height elementor-section-boxed elementor-section-height-default elementor-section-items-middle\" data-id=\"a5da0b5\" data-element_type=\"section\" data-e-type=\"section\">\n\t\t\t\t\t\t<div class=\"elementor-container elementor-column-gap-default\">\n\t\t\t\t\t<div class=\"elementor-column elementor-col-100 elementor-top-column elementor-element elementor-element-db97e07\" data-id=\"db97e07\" data-element_type=\"column\" data-e-type=\"column\">\n\t\t\t<div class=\"elementor-widget-wrap\">\n\t\t\t\t\t\t\t<\/div>\n\t\t<\/div>\n\t\t\t\t\t<\/div>\n\t\t<\/section>\n\t\t\t\t<section class=\"lte-background-white elementor-section elementor-top-section elementor-element elementor-element-b90a73c elementor-section-full_width lte-background-white elementor-section-height-default elementor-section-height-default\" data-id=\"b90a73c\" data-element_type=\"section\" data-e-type=\"section\">\n\t\t\t\t\t\t<div class=\"elementor-container elementor-column-gap-default\">\n\t\t\t\t\t<div class=\"elementor-column elementor-col-50 elementor-top-column elementor-element elementor-element-d363937 lte-mouse-move lte-background-white\" data-id=\"d363937\" data-element_type=\"column\" data-e-type=\"column\" data-settings=\"{&quot;background_background&quot;:&quot;classic&quot;}\">\n\t\t\t<div class=\"elementor-widget-wrap\">\n\t\t\t\t\t\t\t<\/div>\n\t\t<\/div>\n\t\t\t\t<div class=\"elementor-column elementor-col-50 elementor-top-column elementor-element elementor-element-b1c4432\" data-id=\"b1c4432\" data-element_type=\"column\" data-e-type=\"column\">\n\t\t\t<div class=\"elementor-widget-wrap elementor-element-populated\">\n\t\t\t\t\t\t<div class=\"elementor-element elementor-element-7838e94 elementor-widget elementor-widget-spacer\" data-id=\"7838e94\" data-element_type=\"widget\" data-e-type=\"widget\" data-widget_type=\"spacer.default\">\n\t\t\t\t<div class=\"elementor-widget-container\">\n\t\t\t\t\t\t\t<div class=\"elementor-spacer\">\n\t\t\t<div class=\"elementor-spacer-inner\"><\/div>\n\t\t<\/div>\n\t\t\t\t\t\t<\/div>\n\t\t\t\t<\/div>\n\t\t\t\t<div class=\"elementor-element elementor-element-8bd6f37 lte-heading-style-default elementor-widget elementor-widget-lte-header\" data-id=\"8bd6f37\" data-element_type=\"widget\" data-e-type=\"widget\" data-widget_type=\"lte-header.default\">\n\t\t\t\t<div class=\"elementor-widget-container\">\n\t\t\t\t\t<div class=\"lte-heading lte-style-default lte-color-main lte-subcolor-black heading-tag-h2 heading-subtag-h5\"><div class=\"lte-heading-content\"><h2 class=\"lte-header\">Liebe ist ein Ersatz f\u00fcr Schokolade.<\/h2><\/div><\/div>\t\t\t\t<\/div>\n\t\t\t\t<\/div>\n\t\t\t\t<div class=\"elementor-element elementor-element-5497655 elementor-widget elementor-widget-spacer\" data-id=\"5497655\" data-element_type=\"widget\" data-e-type=\"widget\" data-widget_type=\"spacer.default\">\n\t\t\t\t<div class=\"elementor-widget-container\">\n\t\t\t\t\t\t\t<div class=\"elementor-spacer\">\n\t\t\t<div class=\"elementor-spacer-inner\"><\/div>\n\t\t<\/div>\n\t\t\t\t\t\t<\/div>\n\t\t\t\t<\/div>\n\t\t\t\t<div class=\"elementor-element elementor-element-c7e7587 elementor-widget elementor-widget-text-editor\" data-id=\"c7e7587\" data-element_type=\"widget\" data-e-type=\"widget\" data-widget_type=\"text-editor.default\">\n\t\t\t\t<div class=\"elementor-widget-container\">\n\t\t\t\t\t\t\t\t\t<p>Nur 2 % der Bev\u00f6lkerung geben an, dass sie Schokolade nicht m\u00f6gen. Das bedeutet, dass Ihr Schokoladengeschenk mit 98%iger Wahrscheinlichkeit sein Ziel erreicht: dem Beschenkten Freude zu bereiten. Wer bietet mehr?<\/p>\n<p>Bei Praline haben wir eine ganze Reihe von L\u00f6sungen entwickelt, die es Ihnen erm\u00f6glichen, Ihr Image durch unsere Produkte zu vermitteln. Und das schon ab sehr kleinen Mengen!<\/p>\n<h6>Nachricht in der Box<\/h6>\n<p>Unser einfachster Vorschlag zur Personalisierung: Wir f\u00fcgen eine pers\u00f6nliche Nachricht in die Pralinenschachtel oberhalb des Pralinenschutzkissens ein.<\/p>\n<h6>Verkleidung der Box<\/h6>\n<p>Entwerfen Sie ein Banner, das unsere Box teilweise bedeckt, oder kleiden Sie Ihre Pralinenbox (oder Ihre Tafeln) komplett in Ihrem Design.<\/p>\n<h6>Globales Projekt<\/h6>\n<p>Gemeinsam mit Ihnen entwerfen wir Ihr Projekt von A bis Z, bis hin zur Form Ihrer eigenen Schokoladentafel mit Ihrem Namen. Mit ein wenig Kreativit\u00e4t (und daran mangelt es uns nicht!) ist das Feld der M\u00f6glichkeiten unendlich!<\/p>\n<p><a style=\"font-family: var(--font-main), sans-serif; letter-spacing: var(--font-main-letterspacing);\" href=\"mailto:marc.roulin@praline-chocolaterie.ch\" target=\"_blank\" rel=\"noopener\">Marc Roulin<\/a> freut sich, Sie bei Ihrem Vorhaben zu begleiten.<\/p>\n\t\t\t\t\t\t\t\t<\/div>\n\t\t\t\t<\/div>\n\t\t\t\t<div class=\"elementor-element elementor-element-013ae39 elementor-widget elementor-widget-spacer\" data-id=\"013ae39\" data-element_type=\"widget\" data-e-type=\"widget\" data-widget_type=\"spacer.default\">\n\t\t\t\t<div class=\"elementor-widget-container\">\n\t\t\t\t\t\t\t<div class=\"elementor-spacer\">\n\t\t\t<div class=\"elementor-spacer-inner\"><\/div>\n\t\t<\/div>\n\t\t\t\t\t\t<\/div>\n\t\t\t\t<\/div>\n\t\t\t\t\t<\/div>\n\t\t<\/div>\n\t\t\t\t\t<\/div>\n\t\t<\/section>\n\t\t\t\t<section class=\"elementor-section elementor-top-section elementor-element elementor-element-ea8e134 elementor-section-height-min-height elementor-section-boxed elementor-section-height-default elementor-section-items-middle\" data-id=\"ea8e134\" data-element_type=\"section\" data-e-type=\"section\">\n\t\t\t\t\t\t<div class=\"elementor-container elementor-column-gap-default\">\n\t\t\t\t\t<div class=\"elementor-column elementor-col-100 elementor-top-column elementor-element elementor-element-206d17c\" data-id=\"206d17c\" data-element_type=\"column\" data-e-type=\"column\">\n\t\t\t<div class=\"elementor-widget-wrap\">\n\t\t\t\t\t\t\t<\/div>\n\t\t<\/div>\n\t\t\t\t\t<\/div>\n\t\t<\/section>\n\t\t\t\t<section class=\"lte-background-main elementor-section elementor-top-section elementor-element elementor-element-8f73a26 lte-background-main elementor-section-boxed elementor-section-height-default elementor-section-height-default\" data-id=\"8f73a26\" data-element_type=\"section\" data-e-type=\"section\">\n\t\t\t\t\t\t<div class=\"elementor-container elementor-column-gap-default\">\n\t\t\t\t\t<div class=\"elementor-column elementor-col-50 elementor-top-column elementor-element elementor-element-0595062\" data-id=\"0595062\" data-element_type=\"column\" data-e-type=\"column\" data-settings=\"{&quot;background_background&quot;:&quot;classic&quot;}\">\n\t\t\t<div class=\"elementor-widget-wrap elementor-element-populated\">\n\t\t\t\t\t\t<div class=\"elementor-element elementor-element-dce87b2 elementor-widget elementor-widget-spacer\" data-id=\"dce87b2\" data-element_type=\"widget\" data-e-type=\"widget\" data-widget_type=\"spacer.default\">\n\t\t\t\t<div class=\"elementor-widget-container\">\n\t\t\t\t\t\t\t<div class=\"elementor-spacer\">\n\t\t\t<div class=\"elementor-spacer-inner\"><\/div>\n\t\t<\/div>\n\t\t\t\t\t\t<\/div>\n\t\t\t\t<\/div>\n\t\t\t\t<div class=\"elementor-element elementor-element-e31317a lte-heading-style-header-subheader elementor-widget elementor-widget-lte-header\" data-id=\"e31317a\" data-element_type=\"widget\" data-e-type=\"widget\" data-widget_type=\"lte-header.default\">\n\t\t\t\t<div class=\"elementor-widget-container\">\n\t\t\t\t\t<div class=\"lte-heading lte-style-header-subheader lte-color-white lte-subcolor-second has-subheader heading-tag-h3 heading-subtag-h6\"><div class=\"lte-heading-content\"><h6 class=\"lte-subheader\">Incentives f\u00fcr Ihre Kunden und Mitarbeiter<\/h6><h3 class=\"lte-header\">Besuch der Schokoladenfabrik<\/h3><\/div><\/div>\t\t\t\t<\/div>\n\t\t\t\t<\/div>\n\t\t\t\t<div class=\"elementor-element elementor-element-130c1a4 elementor-widget elementor-widget-spacer\" data-id=\"130c1a4\" data-element_type=\"widget\" data-e-type=\"widget\" data-widget_type=\"spacer.default\">\n\t\t\t\t<div class=\"elementor-widget-container\">\n\t\t\t\t\t\t\t<div class=\"elementor-spacer\">\n\t\t\t<div class=\"elementor-spacer-inner\"><\/div>\n\t\t<\/div>\n\t\t\t\t\t\t<\/div>\n\t\t\t\t<\/div>\n\t\t\t\t<div class=\"elementor-element elementor-element-3b01b6f elementor-widget elementor-widget-text-editor\" data-id=\"3b01b6f\" data-element_type=\"widget\" data-e-type=\"widget\" data-widget_type=\"text-editor.default\">\n\t\t\t\t<div class=\"elementor-widget-container\">\n\t\t\t\t\t\t\t\t\t<p>Samuel M\u00fcller \u00f6ffnet die T\u00fcren seiner Schokoladenfabrik in Fontaines, nur wenige Kilometer von Neuch\u00e2tel und La Chaux-de-Fonds entfernt, f\u00fcr eine Einf\u00fchrung in die Geheimnisse der Schokolade.<\/p>\n<p>Auch hier ist das Schl\u00fcsselwort Kreativit\u00e4t&#8230; Was m\u00f6chten Sie tun? Besuchen Sie die Chocolaterie mit Erkl\u00e4rungen des Chefs und anschlie\u00dfendem Aperitif mit einer Kombination aus Schokolade und Champagner? Ihre G\u00e4ste ihre eigene Schokolade herstellen lassen? Wir freuen uns darauf, Ihnen zuzuh\u00f6ren, damit dieses Ereignis noch lange in Erinnerung bleibt!<\/p>\n<p><a href=\"mailto:samuel.muller@praline-chocolaterie.ch\" target=\"_blank\" style=\"font-family: var(--font-main), sans-serif; letter-spacing: var(--font-main-letterspacing);\">Samuel M\u00fcller<\/a>&nbsp;freut sich, Sie bei der Gestaltung Ihrer Veranstaltung zu begleiten.<\/p>\n\t\t\t\t\t\t\t\t<\/div>\n\t\t\t\t<\/div>\n\t\t\t\t<div class=\"elementor-element elementor-element-ffa8bfd elementor-widget elementor-widget-spacer\" data-id=\"ffa8bfd\" data-element_type=\"widget\" data-e-type=\"widget\" data-widget_type=\"spacer.default\">\n\t\t\t\t<div class=\"elementor-widget-container\">\n\t\t\t\t\t\t\t<div class=\"elementor-spacer\">\n\t\t\t<div class=\"elementor-spacer-inner\"><\/div>\n\t\t<\/div>\n\t\t\t\t\t\t<\/div>\n\t\t\t\t<\/div>\n\t\t\t\t\t<\/div>\n\t\t<\/div>\n\t\t\t\t<div class=\"elementor-column elementor-col-50 elementor-top-column elementor-element elementor-element-30bdfa4\" data-id=\"30bdfa4\" data-element_type=\"column\" data-e-type=\"column\" data-settings=\"{&quot;background_background&quot;:&quot;classic&quot;}\">\n\t\t\t<div class=\"elementor-widget-wrap\">\n\t\t\t\t\t\t\t<\/div>\n\t\t<\/div>\n\t\t\t\t\t<\/div>\n\t\t<\/section>\n\t\t\t\t<section class=\"lte-background-main elementor-section elementor-top-section elementor-element elementor-element-50a9a01 elementor-section-full_width elementor-section-height-min-height lte-background-main elementor-section-height-default elementor-section-items-middle\" data-id=\"50a9a01\" data-element_type=\"section\" data-e-type=\"section\" data-settings=\"{&quot;background_background&quot;:&quot;classic&quot;}\">\n\t\t\t\t\t\t<div class=\"elementor-container elementor-column-gap-default\">\n\t\t\t\t\t<div class=\"elementor-column elementor-col-100 elementor-top-column elementor-element elementor-element-7f0d0a6\" data-id=\"7f0d0a6\" data-element_type=\"column\" data-e-type=\"column\">\n\t\t\t<div class=\"elementor-widget-wrap\">\n\t\t\t\t\t\t\t<\/div>\n\t\t<\/div>\n\t\t\t\t\t<\/div>\n\t\t<\/section>\n\t\t\t\t<\/div>\n\t\t","protected":false},"excerpt":{"rendered":"<p>Veranstaltung oder Firmengeschenk Ma\u00dfgeschneiderte Erstellung Liebe ist ein Ersatz f\u00fcr Schokolade. Nur 2 % der Bev\u00f6lkerung geben an, dass sie Schokolade nicht m\u00f6gen. Das bedeutet, dass Ihr Schokoladengeschenk mit 98%iger Wahrscheinlichkeit sein Ziel erreicht: dem Beschenkten Freude zu bereiten. Wer bietet mehr? Bei Praline haben wir eine ganze Reihe von L\u00f6sungen entwickelt, die es Ihnen [&hellip;]<\/p>\n","protected":false},"author":1,"featured_media":15955,"parent":0,"menu_order":0,"comment_status":"closed","ping_status":"closed","template":"page-templates\/full-width.php","meta":{"footnotes":""},"class_list":["post-16428","page","type-page","status-publish","has-post-thumbnail","hentry"],"yoast_head":"<!-- This site is optimized with the Yoast SEO plugin v27.5 - https:\/\/yoast.com\/product\/yoast-seo-wordpress\/ -->\n<title>Unternehmen - Praline Chocolaterie<\/title>\n<meta name=\"robots\" content=\"index, follow, max-snippet:-1, max-image-preview:large, max-video-preview:-1\" \/>\n<link rel=\"canonical\" href=\"https:\/\/praline-chocolaterie.ch\/de\/unternehmen\/\" \/>\n<meta property=\"og:locale\" content=\"de_DE\" \/>\n<meta property=\"og:type\" content=\"article\" \/>\n<meta property=\"og:title\" content=\"Unternehmen - Praline Chocolaterie\" \/>\n<meta property=\"og:description\" content=\"Veranstaltung oder Firmengeschenk Ma\u00dfgeschneiderte Erstellung Liebe ist ein Ersatz f\u00fcr Schokolade. Nur 2 % der Bev\u00f6lkerung geben an, dass sie Schokolade nicht m\u00f6gen. Das bedeutet, dass Ihr Schokoladengeschenk mit 98%iger Wahrscheinlichkeit sein Ziel erreicht: dem Beschenkten Freude zu bereiten. Wer bietet mehr? Bei Praline haben wir eine ganze Reihe von L\u00f6sungen entwickelt, die es Ihnen [&hellip;]\" \/>\n<meta property=\"og:url\" content=\"https:\/\/praline-chocolaterie.ch\/de\/unternehmen\/\" \/>\n<meta property=\"og:site_name\" content=\"Praline Chocolaterie\" \/>\n<meta property=\"article:publisher\" content=\"https:\/\/www.facebook.com\/samuel.muller.16\" \/>\n<meta property=\"article:modified_time\" content=\"2024-09-05T22:10:10+00:00\" \/>\n<meta property=\"og:image\" content=\"https:\/\/praline-chocolaterie.ch\/wp-content\/uploads\/2019\/06\/praline-produits-background-amandes.jpg\" \/>\n\t<meta property=\"og:image:width\" content=\"1920\" \/>\n\t<meta property=\"og:image:height\" content=\"1080\" \/>\n\t<meta property=\"og:image:type\" content=\"image\/jpeg\" \/>\n<meta name=\"twitter:card\" content=\"summary_large_image\" \/>\n<meta name=\"twitter:label1\" content=\"Gesch\u00e4tzte Lesezeit\" \/>\n\t<meta name=\"twitter:data1\" content=\"2\u00a0Minuten\" \/>\n<script type=\"application\/ld+json\" class=\"yoast-schema-graph\">{\"@context\":\"https:\\\/\\\/schema.org\",\"@graph\":[{\"@type\":\"WebPage\",\"@id\":\"https:\\\/\\\/praline-chocolaterie.ch\\\/de\\\/unternehmen\\\/\",\"url\":\"https:\\\/\\\/praline-chocolaterie.ch\\\/de\\\/unternehmen\\\/\",\"name\":\"Unternehmen - Praline Chocolaterie\",\"isPartOf\":{\"@id\":\"https:\\\/\\\/praline-chocolaterie.ch\\\/#website\"},\"primaryImageOfPage\":{\"@id\":\"https:\\\/\\\/praline-chocolaterie.ch\\\/de\\\/unternehmen\\\/#primaryimage\"},\"image\":{\"@id\":\"https:\\\/\\\/praline-chocolaterie.ch\\\/de\\\/unternehmen\\\/#primaryimage\"},\"thumbnailUrl\":\"https:\\\/\\\/praline-chocolaterie.ch\\\/wp-content\\\/uploads\\\/2019\\\/06\\\/praline-produits-background-amandes.jpg\",\"datePublished\":\"2024-02-26T15:21:36+00:00\",\"dateModified\":\"2024-09-05T22:10:10+00:00\",\"breadcrumb\":{\"@id\":\"https:\\\/\\\/praline-chocolaterie.ch\\\/de\\\/unternehmen\\\/#breadcrumb\"},\"inLanguage\":\"de\",\"potentialAction\":[{\"@type\":\"ReadAction\",\"target\":[\"https:\\\/\\\/praline-chocolaterie.ch\\\/de\\\/unternehmen\\\/\"]}]},{\"@type\":\"ImageObject\",\"inLanguage\":\"de\",\"@id\":\"https:\\\/\\\/praline-chocolaterie.ch\\\/de\\\/unternehmen\\\/#primaryimage\",\"url\":\"https:\\\/\\\/praline-chocolaterie.ch\\\/wp-content\\\/uploads\\\/2019\\\/06\\\/praline-produits-background-amandes.jpg\",\"contentUrl\":\"https:\\\/\\\/praline-chocolaterie.ch\\\/wp-content\\\/uploads\\\/2019\\\/06\\\/praline-produits-background-amandes.jpg\",\"width\":1920,\"height\":1080},{\"@type\":\"BreadcrumbList\",\"@id\":\"https:\\\/\\\/praline-chocolaterie.ch\\\/de\\\/unternehmen\\\/#breadcrumb\",\"itemListElement\":[{\"@type\":\"ListItem\",\"position\":1,\"name\":\"Accueil\",\"item\":\"https:\\\/\\\/praline-chocolaterie.ch\\\/de\\\/home\\\/\"},{\"@type\":\"ListItem\",\"position\":2,\"name\":\"Unternehmen\"}]},{\"@type\":\"WebSite\",\"@id\":\"https:\\\/\\\/praline-chocolaterie.ch\\\/#website\",\"url\":\"https:\\\/\\\/praline-chocolaterie.ch\\\/\",\"name\":\"Praline Chocolaterie\",\"description\":\"Savourez l&#039;excellence\",\"publisher\":{\"@id\":\"https:\\\/\\\/praline-chocolaterie.ch\\\/#organization\"},\"potentialAction\":[{\"@type\":\"SearchAction\",\"target\":{\"@type\":\"EntryPoint\",\"urlTemplate\":\"https:\\\/\\\/praline-chocolaterie.ch\\\/?s={search_term_string}\"},\"query-input\":{\"@type\":\"PropertyValueSpecification\",\"valueRequired\":true,\"valueName\":\"search_term_string\"}}],\"inLanguage\":\"de\"},{\"@type\":\"Organization\",\"@id\":\"https:\\\/\\\/praline-chocolaterie.ch\\\/#organization\",\"name\":\"Praline Chocolaterie\",\"url\":\"https:\\\/\\\/praline-chocolaterie.ch\\\/\",\"logo\":{\"@type\":\"ImageObject\",\"inLanguage\":\"de\",\"@id\":\"https:\\\/\\\/praline-chocolaterie.ch\\\/#\\\/schema\\\/logo\\\/image\\\/\",\"url\":\"https:\\\/\\\/praline-chocolaterie.ch\\\/wp-content\\\/uploads\\\/2019\\\/06\\\/praline-logo-long-noir-retina.png\",\"contentUrl\":\"https:\\\/\\\/praline-chocolaterie.ch\\\/wp-content\\\/uploads\\\/2019\\\/06\\\/praline-logo-long-noir-retina.png\",\"width\":400,\"height\":83,\"caption\":\"Praline Chocolaterie\"},\"image\":{\"@id\":\"https:\\\/\\\/praline-chocolaterie.ch\\\/#\\\/schema\\\/logo\\\/image\\\/\"},\"sameAs\":[\"https:\\\/\\\/www.facebook.com\\\/samuel.muller.16\",\"https:\\\/\\\/www.instagram.com\\\/pralinechocolaterie\\\/\"]}]}<\/script>\n<!-- \/ Yoast SEO plugin. -->","yoast_head_json":{"title":"Unternehmen - Praline Chocolaterie","robots":{"index":"index","follow":"follow","max-snippet":"max-snippet:-1","max-image-preview":"max-image-preview:large","max-video-preview":"max-video-preview:-1"},"canonical":"https:\/\/praline-chocolaterie.ch\/de\/unternehmen\/","og_locale":"de_DE","og_type":"article","og_title":"Unternehmen - Praline Chocolaterie","og_description":"Veranstaltung oder Firmengeschenk Ma\u00dfgeschneiderte Erstellung Liebe ist ein Ersatz f\u00fcr Schokolade. Nur 2 % der Bev\u00f6lkerung geben an, dass sie Schokolade nicht m\u00f6gen. Das bedeutet, dass Ihr Schokoladengeschenk mit 98%iger Wahrscheinlichkeit sein Ziel erreicht: dem Beschenkten Freude zu bereiten. Wer bietet mehr? Bei Praline haben wir eine ganze Reihe von L\u00f6sungen entwickelt, die es Ihnen [&hellip;]","og_url":"https:\/\/praline-chocolaterie.ch\/de\/unternehmen\/","og_site_name":"Praline Chocolaterie","article_publisher":"https:\/\/www.facebook.com\/samuel.muller.16","article_modified_time":"2024-09-05T22:10:10+00:00","og_image":[{"width":1920,"height":1080,"url":"https:\/\/praline-chocolaterie.ch\/wp-content\/uploads\/2019\/06\/praline-produits-background-amandes.jpg","type":"image\/jpeg"}],"twitter_card":"summary_large_image","twitter_misc":{"Gesch\u00e4tzte Lesezeit":"2\u00a0Minuten"},"schema":{"@context":"https:\/\/schema.org","@graph":[{"@type":"WebPage","@id":"https:\/\/praline-chocolaterie.ch\/de\/unternehmen\/","url":"https:\/\/praline-chocolaterie.ch\/de\/unternehmen\/","name":"Unternehmen - Praline Chocolaterie","isPartOf":{"@id":"https:\/\/praline-chocolaterie.ch\/#website"},"primaryImageOfPage":{"@id":"https:\/\/praline-chocolaterie.ch\/de\/unternehmen\/#primaryimage"},"image":{"@id":"https:\/\/praline-chocolaterie.ch\/de\/unternehmen\/#primaryimage"},"thumbnailUrl":"https:\/\/praline-chocolaterie.ch\/wp-content\/uploads\/2019\/06\/praline-produits-background-amandes.jpg","datePublished":"2024-02-26T15:21:36+00:00","dateModified":"2024-09-05T22:10:10+00:00","breadcrumb":{"@id":"https:\/\/praline-chocolaterie.ch\/de\/unternehmen\/#breadcrumb"},"inLanguage":"de","potentialAction":[{"@type":"ReadAction","target":["https:\/\/praline-chocolaterie.ch\/de\/unternehmen\/"]}]},{"@type":"ImageObject","inLanguage":"de","@id":"https:\/\/praline-chocolaterie.ch\/de\/unternehmen\/#primaryimage","url":"https:\/\/praline-chocolaterie.ch\/wp-content\/uploads\/2019\/06\/praline-produits-background-amandes.jpg","contentUrl":"https:\/\/praline-chocolaterie.ch\/wp-content\/uploads\/2019\/06\/praline-produits-background-amandes.jpg","width":1920,"height":1080},{"@type":"BreadcrumbList","@id":"https:\/\/praline-chocolaterie.ch\/de\/unternehmen\/#breadcrumb","itemListElement":[{"@type":"ListItem","position":1,"name":"Accueil","item":"https:\/\/praline-chocolaterie.ch\/de\/home\/"},{"@type":"ListItem","position":2,"name":"Unternehmen"}]},{"@type":"WebSite","@id":"https:\/\/praline-chocolaterie.ch\/#website","url":"https:\/\/praline-chocolaterie.ch\/","name":"Praline Chocolaterie","description":"Savourez l&#039;excellence","publisher":{"@id":"https:\/\/praline-chocolaterie.ch\/#organization"},"potentialAction":[{"@type":"SearchAction","target":{"@type":"EntryPoint","urlTemplate":"https:\/\/praline-chocolaterie.ch\/?s={search_term_string}"},"query-input":{"@type":"PropertyValueSpecification","valueRequired":true,"valueName":"search_term_string"}}],"inLanguage":"de"},{"@type":"Organization","@id":"https:\/\/praline-chocolaterie.ch\/#organization","name":"Praline Chocolaterie","url":"https:\/\/praline-chocolaterie.ch\/","logo":{"@type":"ImageObject","inLanguage":"de","@id":"https:\/\/praline-chocolaterie.ch\/#\/schema\/logo\/image\/","url":"https:\/\/praline-chocolaterie.ch\/wp-content\/uploads\/2019\/06\/praline-logo-long-noir-retina.png","contentUrl":"https:\/\/praline-chocolaterie.ch\/wp-content\/uploads\/2019\/06\/praline-logo-long-noir-retina.png","width":400,"height":83,"caption":"Praline Chocolaterie"},"image":{"@id":"https:\/\/praline-chocolaterie.ch\/#\/schema\/logo\/image\/"},"sameAs":["https:\/\/www.facebook.com\/samuel.muller.16","https:\/\/www.instagram.com\/pralinechocolaterie\/"]}]}},"_links":{"self":[{"href":"https:\/\/praline-chocolaterie.ch\/de\/wp-json\/wp\/v2\/pages\/16428","targetHints":{"allow":["GET"]}}],"collection":[{"href":"https:\/\/praline-chocolaterie.ch\/de\/wp-json\/wp\/v2\/pages"}],"about":[{"href":"https:\/\/praline-chocolaterie.ch\/de\/wp-json\/wp\/v2\/types\/page"}],"author":[{"embeddable":true,"href":"https:\/\/praline-chocolaterie.ch\/de\/wp-json\/wp\/v2\/users\/1"}],"replies":[{"embeddable":true,"href":"https:\/\/praline-chocolaterie.ch\/de\/wp-json\/wp\/v2\/comments?post=16428"}],"version-history":[{"count":4,"href":"https:\/\/praline-chocolaterie.ch\/de\/wp-json\/wp\/v2\/pages\/16428\/revisions"}],"predecessor-version":[{"id":16503,"href":"https:\/\/praline-chocolaterie.ch\/de\/wp-json\/wp\/v2\/pages\/16428\/revisions\/16503"}],"wp:featuredmedia":[{"embeddable":true,"href":"https:\/\/praline-chocolaterie.ch\/de\/wp-json\/wp\/v2\/media\/15955"}],"wp:attachment":[{"href":"https:\/\/praline-chocolaterie.ch\/de\/wp-json\/wp\/v2\/media?parent=16428"}],"curies":[{"name":"wp","href":"https:\/\/api.w.org\/{rel}","templated":true}]}}