{"id":16436,"date":"2024-02-20T10:45:03","date_gmt":"2024-02-20T09:45:03","guid":{"rendered":"https:\/\/praline-chocolaterie.ch\/samuel-mueller\/"},"modified":"2024-09-06T00:09:15","modified_gmt":"2024-09-05T22:09:15","slug":"samuel-mueller","status":"publish","type":"page","link":"https:\/\/praline-chocolaterie.ch\/de\/samuel-mueller\/","title":{"rendered":"Samuel M\u00fcller"},"content":{"rendered":"\t\t<div data-elementor-type=\"wp-page\" data-elementor-id=\"16436\" class=\"elementor elementor-16436 elementor-16057\">\n\t\t\t\t\t\t<section class=\"elementor-section elementor-top-section elementor-element elementor-element-a1d5f0c elementor-section-height-min-height lte-overlay-wrapper-semi-dark elementor-section-boxed elementor-section-height-default elementor-section-items-middle\" data-id=\"a1d5f0c\" data-element_type=\"section\" data-e-type=\"section\" data-settings=\"{&quot;background_background&quot;:&quot;classic&quot;}\">\n\t\t\t\t\t\t<div class=\"elementor-container elementor-column-gap-default\">\n\t\t\t\t\t<div class=\"elementor-column elementor-col-100 elementor-top-column elementor-element elementor-element-900117c\" data-id=\"900117c\" data-element_type=\"column\" data-e-type=\"column\">\n\t\t\t<div class=\"elementor-widget-wrap elementor-element-populated\">\n\t\t\t\t\t\t<div class=\"elementor-element elementor-element-e448f97 lte-heading-style-default elementor-widget elementor-widget-lte-header\" data-id=\"e448f97\" data-element_type=\"widget\" data-e-type=\"widget\" data-widget_type=\"lte-header.default\">\n\t\t\t\t<div class=\"elementor-widget-container\">\n\t\t\t\t\t<div class=\"lte-heading lte-style-default lte-color-second lte-subcolor-white has-subheader heading-tag-h2 heading-subtag-h6\"><div class=\"lte-heading-content\"><h6 class=\"lte-subheader\">Sternenweg<\/h6><h2 class=\"lte-header\">Samuel M\u00fcller<\/h2><\/div><\/div>\t\t\t\t<\/div>\n\t\t\t\t<\/div>\n\t\t\t\t\t<\/div>\n\t\t<\/div>\n\t\t\t\t\t<\/div>\n\t\t<\/section>\n\t\t\t\t<section class=\"lte-background-main elementor-section elementor-top-section elementor-element elementor-element-7ad305e elementor-section-full_width elementor-section-height-min-height lte-background-main elementor-section-height-default elementor-section-items-middle\" data-id=\"7ad305e\" data-element_type=\"section\" data-e-type=\"section\" data-settings=\"{&quot;background_background&quot;:&quot;classic&quot;}\">\n\t\t\t\t\t\t<div class=\"elementor-container elementor-column-gap-default\">\n\t\t\t\t\t<div class=\"elementor-column elementor-col-100 elementor-top-column elementor-element elementor-element-dec2cb7\" data-id=\"dec2cb7\" data-element_type=\"column\" data-e-type=\"column\">\n\t\t\t<div class=\"elementor-widget-wrap\">\n\t\t\t\t\t\t\t<\/div>\n\t\t<\/div>\n\t\t\t\t\t<\/div>\n\t\t<\/section>\n\t\t\t\t<section class=\"elementor-section elementor-top-section elementor-element elementor-element-a5da0b5 elementor-section-height-min-height elementor-section-boxed elementor-section-height-default elementor-section-items-middle\" data-id=\"a5da0b5\" data-element_type=\"section\" data-e-type=\"section\">\n\t\t\t\t\t\t<div class=\"elementor-container elementor-column-gap-default\">\n\t\t\t\t\t<div class=\"elementor-column elementor-col-100 elementor-top-column elementor-element elementor-element-75b8449\" data-id=\"75b8449\" data-element_type=\"column\" data-e-type=\"column\">\n\t\t\t<div class=\"elementor-widget-wrap elementor-element-populated\">\n\t\t\t\t\t\t<div class=\"elementor-element elementor-element-30dfd8f elementor-widget elementor-widget-spacer\" data-id=\"30dfd8f\" data-element_type=\"widget\" data-e-type=\"widget\" data-widget_type=\"spacer.default\">\n\t\t\t\t<div class=\"elementor-widget-container\">\n\t\t\t\t\t\t\t<div class=\"elementor-spacer\">\n\t\t\t<div class=\"elementor-spacer-inner\"><\/div>\n\t\t<\/div>\n\t\t\t\t\t\t<\/div>\n\t\t\t\t<\/div>\n\t\t\t\t<div class=\"elementor-element elementor-element-2cd7a4d elementor-widget elementor-widget-testimonial\" data-id=\"2cd7a4d\" data-element_type=\"widget\" data-e-type=\"widget\" data-widget_type=\"testimonial.default\">\n\t\t\t\t<div class=\"elementor-widget-container\">\n\t\t\t\t\t\t\t<div class=\"elementor-testimonial-wrapper\">\n\t\t\t\t\t\t\t<div class=\"elementor-testimonial-content\"><p>Sie sollten Schokolade in vollen Z\u00fcgen genie\u00dfen, ohne Komplexe oder falsche Scham, denn denken Sie daran: \u201eOhne ein K\u00f6rnchen Verr\u00fccktheit gibt es keinen vern\u00fcnftigen Menschen\u201c.<\/p>\n<\/div>\n\t\t\t\n\t\t\t\t\t\t<div class=\"elementor-testimonial-meta\">\n\t\t\t\t<div class=\"elementor-testimonial-meta-inner\">\n\t\t\t\t\t\n\t\t\t\t\t\t\t\t\t\t<div class=\"elementor-testimonial-details\">\n\t\t\t\t\t\t\t\t\t\t\t\t\t\t<div class=\"elementor-testimonial-name\">Fran\u00e7ois de La Rochefoucauld<\/div>\n\t\t\t\t\t\t\t\t\t\t\t\t\t\t\t\t\t\t\t<\/div>\n\t\t\t\t\t\t\t\t\t<\/div>\n\t\t\t<\/div>\n\t\t\t\t\t<\/div>\n\t\t\t\t\t\t<\/div>\n\t\t\t\t<\/div>\n\t\t\t\t<div class=\"elementor-element elementor-element-24f0c3d elementor-widget elementor-widget-spacer\" data-id=\"24f0c3d\" data-element_type=\"widget\" data-e-type=\"widget\" data-widget_type=\"spacer.default\">\n\t\t\t\t<div class=\"elementor-widget-container\">\n\t\t\t\t\t\t\t<div class=\"elementor-spacer\">\n\t\t\t<div class=\"elementor-spacer-inner\"><\/div>\n\t\t<\/div>\n\t\t\t\t\t\t<\/div>\n\t\t\t\t<\/div>\n\t\t\t\t\t<\/div>\n\t\t<\/div>\n\t\t\t\t\t<\/div>\n\t\t<\/section>\n\t\t\t\t<section class=\"lte-background-main elementor-section elementor-top-section elementor-element elementor-element-b90a73c elementor-section-full_width lte-background-main elementor-section-height-default elementor-section-height-default\" data-id=\"b90a73c\" data-element_type=\"section\" data-e-type=\"section\">\n\t\t\t\t\t\t<div class=\"elementor-container elementor-column-gap-default\">\n\t\t\t\t\t<div class=\"elementor-column elementor-col-50 elementor-top-column elementor-element elementor-element-d363937 lte-mouse-move\" data-id=\"d363937\" data-element_type=\"column\" data-e-type=\"column\" data-settings=\"{&quot;background_background&quot;:&quot;classic&quot;}\">\n\t\t\t<div class=\"elementor-widget-wrap\">\n\t\t\t\t\t\t\t<\/div>\n\t\t<\/div>\n\t\t\t\t<div class=\"elementor-column elementor-col-50 elementor-top-column elementor-element elementor-element-b1c4432\" data-id=\"b1c4432\" data-element_type=\"column\" data-e-type=\"column\">\n\t\t\t<div class=\"elementor-widget-wrap elementor-element-populated\">\n\t\t\t\t\t\t<div class=\"elementor-element elementor-element-7838e94 elementor-widget elementor-widget-spacer\" data-id=\"7838e94\" data-element_type=\"widget\" data-e-type=\"widget\" data-widget_type=\"spacer.default\">\n\t\t\t\t<div class=\"elementor-widget-container\">\n\t\t\t\t\t\t\t<div class=\"elementor-spacer\">\n\t\t\t<div class=\"elementor-spacer-inner\"><\/div>\n\t\t<\/div>\n\t\t\t\t\t\t<\/div>\n\t\t\t\t<\/div>\n\t\t\t\t<div class=\"elementor-element elementor-element-8bd6f37 lte-heading-style-default elementor-widget elementor-widget-lte-header\" data-id=\"8bd6f37\" data-element_type=\"widget\" data-e-type=\"widget\" data-widget_type=\"lte-header.default\">\n\t\t\t\t<div class=\"elementor-widget-container\">\n\t\t\t\t\t<div class=\"lte-heading lte-style-default lte-color-white lte-subcolor-black has-subheader heading-tag-h3 heading-subtag-h3\"><div class=\"lte-heading-content\"><h3 class=\"lte-subheader\">Samuel<\/h3><h3 class=\"lte-header\">Auf der Suche nach Exzellenz<\/h3><\/div><\/div>\t\t\t\t<\/div>\n\t\t\t\t<\/div>\n\t\t\t\t<div class=\"elementor-element elementor-element-5497655 elementor-widget elementor-widget-spacer\" data-id=\"5497655\" data-element_type=\"widget\" data-e-type=\"widget\" data-widget_type=\"spacer.default\">\n\t\t\t\t<div class=\"elementor-widget-container\">\n\t\t\t\t\t\t\t<div class=\"elementor-spacer\">\n\t\t\t<div class=\"elementor-spacer-inner\"><\/div>\n\t\t<\/div>\n\t\t\t\t\t\t<\/div>\n\t\t\t\t<\/div>\n\t\t\t\t<div class=\"elementor-element elementor-element-c7e7587 elementor-widget elementor-widget-text-editor\" data-id=\"c7e7587\" data-element_type=\"widget\" data-e-type=\"widget\" data-widget_type=\"text-editor.default\">\n\t\t\t\t<div class=\"elementor-widget-container\">\n\t\t\t\t\t\t\t\t\tIn den zauberhaften T\u00e4lern des Kantons Neuch\u00e2tel nimmt eine s\u00fc\u00dfe Geschichte Gestalt an. An ihrem Ursprung steht Samuel M\u00fcller, ein junger Schokoladenliebhaber, der von einer Leidenschaft angetrieben wird, die so zart ist wie der Kakao selbst. <\/br> <\/br> Vom mit drei Sternen ausgezeichneten <a href=\"https:\/\/www.restaurantcrissier.com\" target=\"_blank\" rel=\"noopener\"><strong>H\u00f4tel de Ville in Crissier<\/strong><\/a> bis zum herausragenden <strong><a href=\"https:\/\/maisonwenger.ch\" target=\"_blank\" rel=\"noopener\">Maison Wenger in Le Noirmont <\/a><\/strong>&#8211; wo er vier Jahre lang als Chefpatissier t\u00e4tig war &#8211; hat Samuel seine Kunst bei den Gr\u00f6\u00dften kultiviert.  <\/br><\/br> Samuel ist stolz auf seine Schweizer Wurzeln und verk\u00f6rpert die Essenz der helvetischen Schokoladentradition. Seine Vision geht \u00fcber die einfache Kreation von Gaumenfreuden hinaus und ist Teil eines engagierten Ansatzes, der sich f\u00fcr kurze Wege und die Auswahl von Zutaten h\u00f6chster Qualit\u00e4t einsetzt. In seinem Labor in Fontaines wird jedes St\u00fcck mit Leidenschaft und Liebe hergestellt. Das subtile Gleichgewicht der Aromen, der ehrliche Geschmack und das moderne Design sind eine Einladung zu einer einzigartigen Sinnesreise.   <\/br><\/br> Jede Kreation ist ein Versprechen auf Genuss, eine Ode an die Leidenschaft und das Talent eines jungen, aufstrebenden Schweizer Ma\u00eetre-Chocolatiers.<\/br><\/br> Entdecken Sie die bet\u00f6rende Welt eines entschieden modernen Handwerkers, in der die Schokolade ihre ganze Pracht entfaltet.\t\t\t\t\t\t\t\t<\/div>\n\t\t\t\t<\/div>\n\t\t\t\t<div class=\"elementor-element elementor-element-a391717 elementor-widget elementor-widget-spacer\" data-id=\"a391717\" data-element_type=\"widget\" data-e-type=\"widget\" data-widget_type=\"spacer.default\">\n\t\t\t\t<div class=\"elementor-widget-container\">\n\t\t\t\t\t\t\t<div class=\"elementor-spacer\">\n\t\t\t<div class=\"elementor-spacer-inner\"><\/div>\n\t\t<\/div>\n\t\t\t\t\t\t<\/div>\n\t\t\t\t<\/div>\n\t\t\t\t\t<\/div>\n\t\t<\/div>\n\t\t\t\t\t<\/div>\n\t\t<\/section>\n\t\t\t\t<section class=\"lte-background-main elementor-section elementor-top-section elementor-element elementor-element-50a9a01 elementor-section-full_width elementor-section-height-min-height lte-background-main elementor-section-height-default elementor-section-items-middle\" data-id=\"50a9a01\" data-element_type=\"section\" data-e-type=\"section\" data-settings=\"{&quot;background_background&quot;:&quot;classic&quot;}\">\n\t\t\t\t\t\t<div class=\"elementor-container elementor-column-gap-default\">\n\t\t\t\t\t<div class=\"elementor-column elementor-col-100 elementor-top-column elementor-element elementor-element-7f0d0a6\" data-id=\"7f0d0a6\" data-element_type=\"column\" data-e-type=\"column\">\n\t\t\t<div class=\"elementor-widget-wrap\">\n\t\t\t\t\t\t\t<\/div>\n\t\t<\/div>\n\t\t\t\t\t<\/div>\n\t\t<\/section>\n\t\t\t\t<\/div>\n\t\t","protected":false},"excerpt":{"rendered":"<p>Sternenweg Samuel M\u00fcller Sie sollten Schokolade in vollen Z\u00fcgen genie\u00dfen, ohne Komplexe oder falsche Scham, denn denken Sie daran: \u201eOhne ein K\u00f6rnchen Verr\u00fccktheit gibt es keinen vern\u00fcnftigen Menschen\u201c. Fran\u00e7ois de La Rochefoucauld Samuel Auf der Suche nach Exzellenz In den zauberhaften T\u00e4lern des Kantons Neuch\u00e2tel nimmt eine s\u00fc\u00dfe Geschichte Gestalt an. An ihrem Ursprung steht [&hellip;]<\/p>\n","protected":false},"author":1,"featured_media":15955,"parent":0,"menu_order":0,"comment_status":"closed","ping_status":"closed","template":"page-templates\/full-width.php","meta":{"footnotes":""},"class_list":["post-16436","page","type-page","status-publish","has-post-thumbnail","hentry"],"yoast_head":"<!-- This site is optimized with the Yoast SEO plugin v27.3 - https:\/\/yoast.com\/product\/yoast-seo-wordpress\/ -->\n<title>Samuel M\u00fcller - Praline Chocolaterie<\/title>\n<meta name=\"description\" content=\"Samuel M\u00fcller ist der Meister-Chocolatier von Praline, einer au\u00dfergew\u00f6hnlichen Schokoladenfabrik in Fontaines im Kanton Neuenburg in der Schweiz.\" \/>\n<meta name=\"robots\" content=\"index, follow, max-snippet:-1, max-image-preview:large, max-video-preview:-1\" \/>\n<link rel=\"canonical\" href=\"https:\/\/praline-chocolaterie.ch\/de\/samuel-mueller\/\" \/>\n<meta property=\"og:locale\" content=\"de_DE\" \/>\n<meta property=\"og:type\" content=\"article\" \/>\n<meta property=\"og:title\" content=\"Samuel M\u00fcller - Praline Chocolaterie\" \/>\n<meta property=\"og:description\" content=\"Samuel M\u00fcller ist der Meister-Chocolatier von Praline, einer au\u00dfergew\u00f6hnlichen Schokoladenfabrik in Fontaines im Kanton Neuenburg in der Schweiz.\" \/>\n<meta property=\"og:url\" content=\"https:\/\/praline-chocolaterie.ch\/de\/samuel-mueller\/\" \/>\n<meta property=\"og:site_name\" content=\"Praline Chocolaterie\" \/>\n<meta property=\"article:publisher\" content=\"https:\/\/www.facebook.com\/samuel.muller.16\" \/>\n<meta property=\"article:modified_time\" content=\"2024-09-05T22:09:15+00:00\" \/>\n<meta property=\"og:image\" content=\"https:\/\/praline-chocolaterie.ch\/wp-content\/uploads\/2019\/06\/praline-produits-background-amandes.jpg\" \/>\n\t<meta property=\"og:image:width\" content=\"1920\" \/>\n\t<meta property=\"og:image:height\" content=\"1080\" \/>\n\t<meta property=\"og:image:type\" content=\"image\/jpeg\" \/>\n<meta name=\"twitter:card\" content=\"summary_large_image\" \/>\n<meta name=\"twitter:label1\" content=\"Gesch\u00e4tzte Lesezeit\" \/>\n\t<meta name=\"twitter:data1\" content=\"2\u00a0Minuten\" \/>\n<script type=\"application\/ld+json\" class=\"yoast-schema-graph\">{\"@context\":\"https:\\\/\\\/schema.org\",\"@graph\":[{\"@type\":\"WebPage\",\"@id\":\"https:\\\/\\\/praline-chocolaterie.ch\\\/de\\\/samuel-mueller\\\/\",\"url\":\"https:\\\/\\\/praline-chocolaterie.ch\\\/de\\\/samuel-mueller\\\/\",\"name\":\"Samuel M\u00fcller - Praline Chocolaterie\",\"isPartOf\":{\"@id\":\"https:\\\/\\\/praline-chocolaterie.ch\\\/#website\"},\"primaryImageOfPage\":{\"@id\":\"https:\\\/\\\/praline-chocolaterie.ch\\\/de\\\/samuel-mueller\\\/#primaryimage\"},\"image\":{\"@id\":\"https:\\\/\\\/praline-chocolaterie.ch\\\/de\\\/samuel-mueller\\\/#primaryimage\"},\"thumbnailUrl\":\"https:\\\/\\\/praline-chocolaterie.ch\\\/wp-content\\\/uploads\\\/2019\\\/06\\\/praline-produits-background-amandes.jpg\",\"datePublished\":\"2024-02-20T09:45:03+00:00\",\"dateModified\":\"2024-09-05T22:09:15+00:00\",\"description\":\"Samuel M\u00fcller ist der Meister-Chocolatier von Praline, einer au\u00dfergew\u00f6hnlichen Schokoladenfabrik in Fontaines im Kanton Neuenburg in der Schweiz.\",\"breadcrumb\":{\"@id\":\"https:\\\/\\\/praline-chocolaterie.ch\\\/de\\\/samuel-mueller\\\/#breadcrumb\"},\"inLanguage\":\"de\",\"potentialAction\":[{\"@type\":\"ReadAction\",\"target\":[\"https:\\\/\\\/praline-chocolaterie.ch\\\/de\\\/samuel-mueller\\\/\"]}]},{\"@type\":\"ImageObject\",\"inLanguage\":\"de\",\"@id\":\"https:\\\/\\\/praline-chocolaterie.ch\\\/de\\\/samuel-mueller\\\/#primaryimage\",\"url\":\"https:\\\/\\\/praline-chocolaterie.ch\\\/wp-content\\\/uploads\\\/2019\\\/06\\\/praline-produits-background-amandes.jpg\",\"contentUrl\":\"https:\\\/\\\/praline-chocolaterie.ch\\\/wp-content\\\/uploads\\\/2019\\\/06\\\/praline-produits-background-amandes.jpg\",\"width\":1920,\"height\":1080},{\"@type\":\"BreadcrumbList\",\"@id\":\"https:\\\/\\\/praline-chocolaterie.ch\\\/de\\\/samuel-mueller\\\/#breadcrumb\",\"itemListElement\":[{\"@type\":\"ListItem\",\"position\":1,\"name\":\"Accueil\",\"item\":\"https:\\\/\\\/praline-chocolaterie.ch\\\/de\\\/home\\\/\"},{\"@type\":\"ListItem\",\"position\":2,\"name\":\"Samuel M\u00fcller\"}]},{\"@type\":\"WebSite\",\"@id\":\"https:\\\/\\\/praline-chocolaterie.ch\\\/#website\",\"url\":\"https:\\\/\\\/praline-chocolaterie.ch\\\/\",\"name\":\"Praline Chocolaterie\",\"description\":\"Savourez l&#039;excellence\",\"publisher\":{\"@id\":\"https:\\\/\\\/praline-chocolaterie.ch\\\/#organization\"},\"potentialAction\":[{\"@type\":\"SearchAction\",\"target\":{\"@type\":\"EntryPoint\",\"urlTemplate\":\"https:\\\/\\\/praline-chocolaterie.ch\\\/?s={search_term_string}\"},\"query-input\":{\"@type\":\"PropertyValueSpecification\",\"valueRequired\":true,\"valueName\":\"search_term_string\"}}],\"inLanguage\":\"de\"},{\"@type\":\"Organization\",\"@id\":\"https:\\\/\\\/praline-chocolaterie.ch\\\/#organization\",\"name\":\"Praline Chocolaterie\",\"url\":\"https:\\\/\\\/praline-chocolaterie.ch\\\/\",\"logo\":{\"@type\":\"ImageObject\",\"inLanguage\":\"de\",\"@id\":\"https:\\\/\\\/praline-chocolaterie.ch\\\/#\\\/schema\\\/logo\\\/image\\\/\",\"url\":\"https:\\\/\\\/praline-chocolaterie.ch\\\/wp-content\\\/uploads\\\/2019\\\/06\\\/praline-logo-long-noir-retina.png\",\"contentUrl\":\"https:\\\/\\\/praline-chocolaterie.ch\\\/wp-content\\\/uploads\\\/2019\\\/06\\\/praline-logo-long-noir-retina.png\",\"width\":400,\"height\":83,\"caption\":\"Praline Chocolaterie\"},\"image\":{\"@id\":\"https:\\\/\\\/praline-chocolaterie.ch\\\/#\\\/schema\\\/logo\\\/image\\\/\"},\"sameAs\":[\"https:\\\/\\\/www.facebook.com\\\/samuel.muller.16\",\"https:\\\/\\\/www.instagram.com\\\/pralinechocolaterie\\\/\"]}]}<\/script>\n<!-- \/ Yoast SEO plugin. -->","yoast_head_json":{"title":"Samuel M\u00fcller - Praline Chocolaterie","description":"Samuel M\u00fcller ist der Meister-Chocolatier von Praline, einer au\u00dfergew\u00f6hnlichen Schokoladenfabrik in Fontaines im Kanton Neuenburg in der Schweiz.","robots":{"index":"index","follow":"follow","max-snippet":"max-snippet:-1","max-image-preview":"max-image-preview:large","max-video-preview":"max-video-preview:-1"},"canonical":"https:\/\/praline-chocolaterie.ch\/de\/samuel-mueller\/","og_locale":"de_DE","og_type":"article","og_title":"Samuel M\u00fcller - Praline Chocolaterie","og_description":"Samuel M\u00fcller ist der Meister-Chocolatier von Praline, einer au\u00dfergew\u00f6hnlichen Schokoladenfabrik in Fontaines im Kanton Neuenburg in der Schweiz.","og_url":"https:\/\/praline-chocolaterie.ch\/de\/samuel-mueller\/","og_site_name":"Praline Chocolaterie","article_publisher":"https:\/\/www.facebook.com\/samuel.muller.16","article_modified_time":"2024-09-05T22:09:15+00:00","og_image":[{"width":1920,"height":1080,"url":"https:\/\/praline-chocolaterie.ch\/wp-content\/uploads\/2019\/06\/praline-produits-background-amandes.jpg","type":"image\/jpeg"}],"twitter_card":"summary_large_image","twitter_misc":{"Gesch\u00e4tzte Lesezeit":"2\u00a0Minuten"},"schema":{"@context":"https:\/\/schema.org","@graph":[{"@type":"WebPage","@id":"https:\/\/praline-chocolaterie.ch\/de\/samuel-mueller\/","url":"https:\/\/praline-chocolaterie.ch\/de\/samuel-mueller\/","name":"Samuel M\u00fcller - Praline Chocolaterie","isPartOf":{"@id":"https:\/\/praline-chocolaterie.ch\/#website"},"primaryImageOfPage":{"@id":"https:\/\/praline-chocolaterie.ch\/de\/samuel-mueller\/#primaryimage"},"image":{"@id":"https:\/\/praline-chocolaterie.ch\/de\/samuel-mueller\/#primaryimage"},"thumbnailUrl":"https:\/\/praline-chocolaterie.ch\/wp-content\/uploads\/2019\/06\/praline-produits-background-amandes.jpg","datePublished":"2024-02-20T09:45:03+00:00","dateModified":"2024-09-05T22:09:15+00:00","description":"Samuel M\u00fcller ist der Meister-Chocolatier von Praline, einer au\u00dfergew\u00f6hnlichen Schokoladenfabrik in Fontaines im Kanton Neuenburg in der Schweiz.","breadcrumb":{"@id":"https:\/\/praline-chocolaterie.ch\/de\/samuel-mueller\/#breadcrumb"},"inLanguage":"de","potentialAction":[{"@type":"ReadAction","target":["https:\/\/praline-chocolaterie.ch\/de\/samuel-mueller\/"]}]},{"@type":"ImageObject","inLanguage":"de","@id":"https:\/\/praline-chocolaterie.ch\/de\/samuel-mueller\/#primaryimage","url":"https:\/\/praline-chocolaterie.ch\/wp-content\/uploads\/2019\/06\/praline-produits-background-amandes.jpg","contentUrl":"https:\/\/praline-chocolaterie.ch\/wp-content\/uploads\/2019\/06\/praline-produits-background-amandes.jpg","width":1920,"height":1080},{"@type":"BreadcrumbList","@id":"https:\/\/praline-chocolaterie.ch\/de\/samuel-mueller\/#breadcrumb","itemListElement":[{"@type":"ListItem","position":1,"name":"Accueil","item":"https:\/\/praline-chocolaterie.ch\/de\/home\/"},{"@type":"ListItem","position":2,"name":"Samuel M\u00fcller"}]},{"@type":"WebSite","@id":"https:\/\/praline-chocolaterie.ch\/#website","url":"https:\/\/praline-chocolaterie.ch\/","name":"Praline Chocolaterie","description":"Savourez l&#039;excellence","publisher":{"@id":"https:\/\/praline-chocolaterie.ch\/#organization"},"potentialAction":[{"@type":"SearchAction","target":{"@type":"EntryPoint","urlTemplate":"https:\/\/praline-chocolaterie.ch\/?s={search_term_string}"},"query-input":{"@type":"PropertyValueSpecification","valueRequired":true,"valueName":"search_term_string"}}],"inLanguage":"de"},{"@type":"Organization","@id":"https:\/\/praline-chocolaterie.ch\/#organization","name":"Praline Chocolaterie","url":"https:\/\/praline-chocolaterie.ch\/","logo":{"@type":"ImageObject","inLanguage":"de","@id":"https:\/\/praline-chocolaterie.ch\/#\/schema\/logo\/image\/","url":"https:\/\/praline-chocolaterie.ch\/wp-content\/uploads\/2019\/06\/praline-logo-long-noir-retina.png","contentUrl":"https:\/\/praline-chocolaterie.ch\/wp-content\/uploads\/2019\/06\/praline-logo-long-noir-retina.png","width":400,"height":83,"caption":"Praline Chocolaterie"},"image":{"@id":"https:\/\/praline-chocolaterie.ch\/#\/schema\/logo\/image\/"},"sameAs":["https:\/\/www.facebook.com\/samuel.muller.16","https:\/\/www.instagram.com\/pralinechocolaterie\/"]}]}},"_links":{"self":[{"href":"https:\/\/praline-chocolaterie.ch\/de\/wp-json\/wp\/v2\/pages\/16436","targetHints":{"allow":["GET"]}}],"collection":[{"href":"https:\/\/praline-chocolaterie.ch\/de\/wp-json\/wp\/v2\/pages"}],"about":[{"href":"https:\/\/praline-chocolaterie.ch\/de\/wp-json\/wp\/v2\/types\/page"}],"author":[{"embeddable":true,"href":"https:\/\/praline-chocolaterie.ch\/de\/wp-json\/wp\/v2\/users\/1"}],"replies":[{"embeddable":true,"href":"https:\/\/praline-chocolaterie.ch\/de\/wp-json\/wp\/v2\/comments?post=16436"}],"version-history":[{"count":4,"href":"https:\/\/praline-chocolaterie.ch\/de\/wp-json\/wp\/v2\/pages\/16436\/revisions"}],"predecessor-version":[{"id":16500,"href":"https:\/\/praline-chocolaterie.ch\/de\/wp-json\/wp\/v2\/pages\/16436\/revisions\/16500"}],"wp:featuredmedia":[{"embeddable":true,"href":"https:\/\/praline-chocolaterie.ch\/de\/wp-json\/wp\/v2\/media\/15955"}],"wp:attachment":[{"href":"https:\/\/praline-chocolaterie.ch\/de\/wp-json\/wp\/v2\/media?parent=16436"}],"curies":[{"name":"wp","href":"https:\/\/api.w.org\/{rel}","templated":true}]}}