{"id":16440,"date":"2024-02-03T15:12:50","date_gmt":"2024-02-03T14:12:50","guid":{"rendered":"https:\/\/praline-chocolaterie.ch\/allgemeine-geschaeftsbedingungen-und-datenschutzrichtlinie\/"},"modified":"2024-09-05T21:41:25","modified_gmt":"2024-09-05T19:41:25","slug":"allgemeine-geschaeftsbedingungen-und-datenschutzrichtlinie","status":"publish","type":"page","link":"https:\/\/praline-chocolaterie.ch\/de\/allgemeine-geschaeftsbedingungen-und-datenschutzrichtlinie\/","title":{"rendered":"Allgemeine Gesch\u00e4ftsbedingungen und Datenschutzrichtlinie"},"content":{"rendered":"\t\t<div data-elementor-type=\"wp-page\" data-elementor-id=\"16440\" class=\"elementor elementor-16440 elementor-14726\">\n\t\t\t\t\t\t<section class=\"elementor-section elementor-top-section elementor-element elementor-element-d1799a9 elementor-section-boxed elementor-section-height-default elementor-section-height-default\" data-id=\"d1799a9\" data-element_type=\"section\" data-e-type=\"section\">\n\t\t\t\t\t\t<div class=\"elementor-container elementor-column-gap-default\">\n\t\t\t\t\t<div class=\"elementor-column elementor-col-100 elementor-top-column elementor-element elementor-element-4b7800e\" data-id=\"4b7800e\" data-element_type=\"column\" data-e-type=\"column\">\n\t\t\t<div class=\"elementor-widget-wrap elementor-element-populated\">\n\t\t\t\t\t\t<div class=\"elementor-element elementor-element-fcab1d4 elementor-widget elementor-widget-text-editor\" data-id=\"fcab1d4\" data-element_type=\"widget\" data-e-type=\"widget\" data-widget_type=\"text-editor.default\">\n\t\t\t\t<div class=\"elementor-widget-container\">\n\t\t\t\t\t\t\t\t\t<p style=\"caret-color: #000000; color: #000000;\">Die vorliegenden Allgemeinen Gesch\u00e4ftsbedingungen regeln den Kauf von Waren, die von der Firma <strong>Praline Chocolaterie S\u00e0rl<\/strong> mit Sitz in <strong>Bergweg 4, 3234 Vinelz, Schweiz<\/strong> [im Folgenden: Praline] und dem Labor in <strong>Rue de l&#8217;Industrie 7, 2046 Fontaines, Schweiz<\/strong> (Telefonkontakt +41 78 921 99 50) hergestellt werden.<\/p>\n<p style=\"caret-color: #000000; color: #000000;\">Die vorliegenden Allgemeinen Gesch\u00e4ftsbedingungen unterliegen dem Schweizer Recht und k\u00f6nnen von der Firma Praline jederzeit ohne Vorank\u00fcndigung ge\u00e4ndert werden.<\/p>\n<p style=\"caret-color: #000000; color: #000000;\">Die vorliegenden Allgemeinen Gesch\u00e4ftsbedingungen werden zwischen der Firma Praline und jeder nat\u00fcrlichen oder juristischen Person geschlossen, die die F\u00e4higkeit und den Willen hat, den Kauf von Praline-Produkten zu t\u00e4tigen [nachfolgend: der K\u00e4ufer].<\/p>\n\n<h3 style=\"letter-spacing: normal; caret-color: #000000; color: #000000;\">Betreff<\/h3>\n<p style=\"caret-color: #000000; color: #000000;\">Die vorliegenden allgemeinen Verkaufsbedingungen sollen die vertraglichen Beziehungen zwischen der Firma Praline und dem K\u00e4ufer festlegen.<\/p>\n<p style=\"caret-color: #000000; color: #000000;\">Diese Allgemeinen Gesch\u00e4ftsbedingungen stellen die Bedingungen dar, die f\u00fcr alle K\u00e4ufe gelten, die \u00fcber die Online-H\u00e4ndler-Websites <a href=\"https:\/\/www.praline-chocolaterie.ch\">www.praline-chocolaterie.ch<\/a> get\u00e4tigt werden.<\/p>\n<p style=\"caret-color: #000000; color: #000000;\">Sie sind im \u00dcbrigen unabh\u00e4ngig davon anwendbar, ob der K\u00e4ufer ein Gewerbetreibender oder ein Verbraucher ist.<\/p>\n<p style=\"caret-color: #000000; color: #000000;\">Der Kauf eines Produkts \u00fcber diese Website bedeutet, dass der K\u00e4ufer die vorliegenden allgemeinen Verkaufsbedingungen vorbehaltlos akzeptiert.<\/p>\n<p style=\"caret-color: #000000; color: #000000;\">Diese Verkaufsbedingungen haben Vorrang vor allen anderen allgemeinen oder besonderen Bedingungen, die nicht ausdr\u00fccklich von der Firma Praline genehmigt wurden.<\/p>\n<p style=\"caret-color: #000000; color: #000000;\">Die Firma Praline beh\u00e4lt sich das Recht vor, die vorliegenden Allgemeinen Gesch\u00e4ftsbedingungen jederzeit zu \u00e4ndern. Im Falle solcher \u00c4nderungen gelten die neuesten Bedingungen, die zum Zeitpunkt der Bestellung durch den K\u00e4ufer g\u00fcltig sind. <\/p>\n\n<h3 style=\"letter-spacing: normal; caret-color: #000000; color: #000000;\">Merkmale der angebotenen Waren und Dienstleistungen<\/h3>\n<p style=\"caret-color: #000000; color: #000000;\">Die angebotenen Produkte sind ausschlie\u00dflich diejenigen, die in dem Katalog aufgef\u00fchrt sind, der auf der offiziellen Internetseite der Firma Praline, d. h. <a href=\"https:\/\/www.praline-chocolaterie.ch\">www.praline-chocolaterie.ch<\/a>, ver\u00f6ffentlicht wurde.<\/p>\n<p style=\"caret-color: #000000; color: #000000;\">Diese Produkte werden zum Verkauf angeboten, solange der Vorrat reicht.<\/p>\n<p style=\"caret-color: #000000; color: #000000;\">Jedes Produkt wird von einer &#8211; hinweisenden und unverbindlichen &#8211; Beschreibung begleitet, die von der Firma Praline erstellt wurde.<\/p>\n<p style=\"caret-color: #000000; color: #000000;\">Die Fotografien unserer Produkte versuchen, deren Bild getreu wiederzugeben, k\u00f6nnen aber keine perfekte \u00c4hnlichkeit mit dem verkauften Produkt gew\u00e4hrleisten.<\/p>\n<p style=\"caret-color: #000000; color: #000000;\"><a name=\"tarifs\"><\/a><\/p>\n\n<h3 style=\"letter-spacing: normal; caret-color: #000000; color: #000000;\">Preise<\/h3>\n<p style=\"caret-color: #000000; color: #000000;\"><strong>F\u00fcr die Schweiz und Liechtenstein<\/strong><\/p>\n<p style=\"caret-color: #000000; color: #000000;\">Die angegebenen Preise verstehen sich inklusive Mehrwertsteuer in Schweizer Franken, die am Tag der Bestellung anwendbar ist.<\/p>\n<p style=\"caret-color: #000000; color: #000000;\">Die Firma Praline beh\u00e4lt sich das Recht vor, ihre Preise jederzeit ohne Vorank\u00fcndigung zu \u00e4ndern, wobei jedoch der Preis, der am Tag der Bestellung im Katalog aufgef\u00fchrt ist, als der einzige f\u00fcr den K\u00e4ufer geltende Preis gilt.<\/p>\n<p style=\"caret-color: #000000; color: #000000;\">Ab einem Einkauf von CHF 100.- (einhundert Franken) sind die angegebenen Preise inklusive Transport- und Lieferkosten.<\/p>\n\n<h3 style=\"letter-spacing: normal; caret-color: #000000; color: #000000;\">Bestellungen<\/h3>\n<p style=\"caret-color: #000000; color: #000000;\">Der K\u00e4ufer, der ein Produkt von der Firma Praline kaufen m\u00f6chte, muss zwingend :<\/p>\n\n<ul style=\"caret-color: #000000; color: #000000;\">\n \t<li>Unbedingt das gesetzliche Alter erreicht haben, um alkoholische Produkte im Sinne des geltenden Rechts an seinem Wohnsitz, Wohnort oder Lieferort zu erwerben und zu konsumieren.<\/li>\n \t<li>Ausf\u00fcllen des Identifikationsblattes, auf dem er alle geforderten Angaben macht<\/li>\n \t<li>F\u00fcllen Sie das Online-Bestellformular aus, indem Sie alle Referenzen der ausgew\u00e4hlten Produkte angeben.<\/li>\n \t<li>Seine Bestellung best\u00e4tigen, nachdem er sie \u00fcberpr\u00fcft hat<\/li>\n \t<li>Die Zahlung zu den vorgesehenen Bedingungen durchf\u00fchren<\/li>\n \t<li>seine Bestellung und deren Bezahlung zu best\u00e4tigen<\/li>\n<\/ul>\n<p style=\"caret-color: #000000; color: #000000;\">Die Best\u00e4tigung der Bestellung f\u00fchrt zur Annahme der vorliegenden Verkaufsbedingungen, zur Anerkennung, diese vollst\u00e4ndig zur Kenntnis genommen zu haben, und zum Verzicht auf die Geltendmachung aller anderen Einkaufsbedingungen.<\/p>\n<p style=\"caret-color: #000000; color: #000000;\">Die Gesamtheit der gelieferten Daten und die registrierte Best\u00e4tigung gelten als Beweis f\u00fcr die Transaktion. Die Best\u00e4tigung gilt als Unterschrift und Annahme der durchgef\u00fchrten Transaktionen. Der Verk\u00e4ufer wird Ihnen per E-Mail eine Best\u00e4tigung der registrierten Bestellung zukommen lassen.  <\/p>\n\n<h3 style=\"letter-spacing: normal; caret-color: #000000; color: #000000;\">R\u00fccktritt<\/h3>\n<p style=\"caret-color: #000000; color: #000000;\">Jeder K\u00e4ufer, mit Ausnahme von juristischen Personen und gewerblichen nat\u00fcrlichen Personen, hat ein Widerrufsrecht von sieben Tagen ab dem Tag, an dem er die Lieferung seiner Bestellung erhalten hat.<\/p>\n<p style=\"caret-color: #000000; color: #000000;\">Innerhalb dieser Frist kann der K\u00e4ufer, mit Ausnahme von juristischen Personen und gewerblichen nat\u00fcrlichen Personen, das Produkt an den Verk\u00e4ufer zum Umtausch oder zur R\u00fcckerstattung des Kaufpreises ohne Strafzahlung zur\u00fccksenden. Die Kosten der R\u00fccksendung gehen zu Lasten des K\u00e4ufers. <\/p>\n<p style=\"caret-color: #000000; color: #000000;\">Es werden nur solche Produkte erstattet oder umgetauscht, die wieder zum Verkauf angeboten werden k\u00f6nnen und die in ihrer unbesch\u00e4digten (unge\u00f6ffneten) Originalverpackung zur\u00fcckgeschickt wurden.<\/p>\n<p style=\"caret-color: #000000; color: #000000;\">Die Risiken, die mit der R\u00fccksendung des Artikels verbunden sind (Verlust oder Besch\u00e4digung), bleiben beim Kunden.<\/p>\n<p style=\"caret-color: #000000; color: #000000;\">Zahlungsmodalit\u00e4ten<\/p>\n<p style=\"caret-color: #000000; color: #000000;\">Die F\u00e4lligkeit des Preises entspricht dem Zeitpunkt der Best\u00e4tigung der Bestellung.<\/p>\n<p style=\"caret-color: #000000; color: #000000;\">Die Zahlungen erfolgen per Kreditkarte; sie werden \u00fcber das sichere Worldline-System abgewickelt, das das SSL-Protokoll (Secure Socket Layer) verwendet, so dass die \u00fcbermittelten Informationen durch eine Software verschl\u00fcsselt werden und kein Dritter w\u00e4hrend des Transports im Netz davon Kenntnis nehmen kann.<\/p>\n<p style=\"caret-color: #000000; color: #000000;\">Die Informationen werden direkt an den Bankbetreiber weitergeleitet, der die Abbuchungserm\u00e4chtigungen verwaltet. Die Firma Praline hat also zu keinem Zeitpunkt Zugang zu diesen Daten. <\/p>\n<p style=\"caret-color: #000000; color: #000000;\">Das Konto des K\u00e4ufers wird automatisch bei der Bestellung belastet.<\/p>\n<p style=\"caret-color: #000000; color: #000000;\">Au\u00dferdem wird nur der Betrag f\u00fcr die gesendeten Produkte oder Dienstleistungen abgebucht.<\/p>\n<p style=\"caret-color: #000000; color: #000000;\">Auf Wunsch des K\u00e4ufers wird ihm eine ausdruckbare elektronische Rechnung zugesandt.<\/p>\n\n<h3 style=\"letter-spacing: normal; caret-color: #000000; color: #000000;\">Lieferungen<\/h3>\n<p style=\"caret-color: #000000; color: #000000;\">Die angebotenen Produkte entsprechen der geltenden Schweizer Gesetzgebung und sind f\u00fcr den Konsum geeignet.<\/p>\n<p style=\"caret-color: #000000; color: #000000;\">Die Lieferungen, die von der Schweizer Post innerhalb von 7 Tagen (Economy) durchgef\u00fchrt werden, erfolgen an die Adresse, die auf dem Bestellschein angegeben ist. Die Risiken liegen ab dem Zeitpunkt, an dem die Produkte die R\u00e4umlichkeiten der Firma Praline verlassen haben, beim Erwerber. <\/p>\n<p style=\"caret-color: #000000; color: #000000;\">Im Falle eines Transportschadens muss der begr\u00fcndete Protest innerhalb von drei Tagen nach der Lieferung beim Transportunternehmen eingereicht werden.<\/p>\n<p style=\"caret-color: #000000; color: #000000;\">Die Lieferfristen sind unverbindlich; wenn sie drei\u00dfig Tage nach der Bestellung \u00fcberschreiten, kann der Kaufvertrag aufgel\u00f6st und dem K\u00e4ufer der Kaufpreis zur\u00fcckerstattet werden.<\/p>\n\n<h3 style=\"letter-spacing: normal; caret-color: #000000; color: #000000;\">Garantie<\/h3>\n<p style=\"caret-color: #000000; color: #000000;\">Die angebotenen Produkte entsprechen der geltenden Schweizer Gesetzgebung. Im Falle der Nichtkonformit\u00e4t eines verkauften Produkts kann es an den Verk\u00e4ufer zur\u00fcckgeschickt werden, der es zur\u00fccknimmt, umtauscht oder zur\u00fcckerstattet. <\/p>\n<p style=\"caret-color: #000000; color: #000000;\">Alle Reklamationen, Umtausch- oder Erstattungsantr\u00e4ge m\u00fcssen auf dem Postweg an die folgende Adresse gerichtet werden:<\/p>\n<p style=\"caret-color: #000000; color: #000000;\">Chocolaterie Praline S\u00e0rl, Rue de l&#8217;Industrie 7, 2046 Fontaines, Suisse<\/p>\n\n<h3 style=\"letter-spacing: normal; caret-color: #000000; color: #000000;\">Verantwortung<\/h3>\n<p style=\"caret-color: #000000; color: #000000;\">Der Verk\u00e4ufer ist beim Online-Verkaufsprozess nur durch eine Mittelverpflichtung gebunden; er kann nicht f\u00fcr Sch\u00e4den haftbar gemacht werden, die sich aus der Nutzung des Internets ergeben, wie z. B. Datenverlust, Eindringen, Viren, Ausfall des Dienstes oder andere unbeabsichtigte Probleme.<\/p>\n\n<h3 style=\"letter-spacing: normal; caret-color: #000000; color: #000000;\">Geistiges Eigentum<\/h3>\n<p style=\"caret-color: #000000; color: #000000;\">Alle Elemente der Website der Firma Praline sind und bleiben das ausschlie\u00dfliche geistige Eigentum der Firma Praline.<\/p>\n<p style=\"caret-color: #000000; color: #000000;\">Es ist niemandem gestattet, Elemente der Website, seien sie Software, visuell oder akustisch, zu reproduzieren, auszuwerten, weiterzuverbreiten oder zu irgendeinem Zweck zu verwenden, auch nicht teilweise. Jeder einfache Link oder Hypertext ist ohne ausdr\u00fcckliche schriftliche Genehmigung der Firma Praline strengstens untersagt. <\/p>\n\n<h3 style=\"letter-spacing: normal; caret-color: #000000; color: #000000;\">Pers\u00f6nliche Daten<\/h3>\n<p style=\"caret-color: #000000; color: #000000;\">Die namentlichen Informationen \u00fcber die K\u00e4ufer k\u00f6nnen Gegenstand einer automatisierten Verarbeitung sein.<\/p>\n<p style=\"caret-color: #000000; color: #000000;\">Die Firma Praline beh\u00e4lt sich das Recht vor, Informationen \u00fcber die K\u00e4ufer zu sammeln, auch unter Verwendung von Cookies, und, wenn sie es w\u00fcnscht, die gesammelten Informationen an Gesch\u00e4ftspartner weiterzugeben.<\/p>\n<p style=\"caret-color: #000000; color: #000000;\">Die K\u00e4ufer k\u00f6nnen sich der Offenlegung ihrer Kontaktdaten widersetzen, indem sie dies der Firma Praline ausdr\u00fccklich mitteilen.<\/p>\n<p style=\"caret-color: #000000; color: #000000;\">Ebenso haben die Nutzer das Recht, auf die sie betreffenden Daten zuzugreifen und sie zu berichtigen. Der Kunde kann dieses Recht aus\u00fcben, indem er die Firma Praline per E-Mail unter der folgenden Adresse kontaktiert: <\/p>\n<p style=\"caret-color: #000000; color: #000000;\">samuel.muller@praline-chocolaterie.ch<\/p>\n<p style=\"caret-color: #000000; color: #000000;\">oder per Post an die folgende Adresse:<\/p>\n<p style=\"caret-color: #000000; color: #000000;\"><strong>Chocolaterie Praline S\u00e0rl, <span style=\"font-family: var(--font-main), sans-serif; letter-spacing: var(--font-main-letterspacing);\">Rue de l&#8217;Industrie 7, <\/span><span style=\"font-family: var(--font-main), sans-serif; letter-spacing: var(--font-main-letterspacing);\">2046 Fontaines, <\/span><span style=\"font-family: var(--font-main), sans-serif; letter-spacing: var(--font-main-letterspacing);\">Suisse<\/span><\/strong><\/p>\n\n<h3 style=\"letter-spacing: normal; caret-color: #000000; color: #000000;\">Archivierung<\/h3>\n<p style=\"caret-color: #000000; color: #000000;\">Die Firma Praline archiviert die Bestellscheine und Rechnungen auf einem zuverl\u00e4ssigen und dauerhaften Datentr\u00e4ger, der eine getreue Kopie darstellt. Die elektronischen Register von Praline werden von den Parteien als Beweis f\u00fcr die Mitteilungen, Bestellungen, Zahlungen und Transaktionen zwischen den Parteien angesehen. <\/p>\n\n<h3 style=\"letter-spacing: normal; caret-color: #000000; color: #000000;\">Besondere Bedingungen<\/h3>\n<p style=\"caret-color: #000000; color: #000000;\">F\u00fcr die Schweiz<\/p>\n<p style=\"caret-color: #000000; color: #000000;\">Pro Bestellung in die Schweiz gelten keine Beschr\u00e4nkungen, solange der Vorrat reicht.<\/p>\n\n<h3 style=\"letter-spacing: normal; caret-color: #000000; color: #000000;\">Beilegung von Streitigkeiten<\/h3>\n<p style=\"caret-color: #000000; color: #000000;\">Im Falle eines Rechtsstreits befindet sich der Gerichtsstand in Neuch\u00e2tel (Schweiz) und schlie\u00dft somit jeden anderen Gerichtsstand aus.<\/p>\n<p style=\"caret-color: #000000; color: #000000;\">Es gilt ausschlie\u00dflich das Schweizer Recht.<\/p>\n\n<h3 style=\"caret-color: #000000; color: #000000;\">Eigent\u00fcmer der Website (rechtliche Hinweise)<\/h3> Praline Chocolaterie S\u00e0rl<\/br>Chemin de la Montagne 4<\/br>3234 Vinelz<\/br>T\u00e9l: +41 78 921 99 50<\/br>E-mail: samuel.muller@praline-chocolaterie.ch\t\t\t\t\t\t\t\t<\/div>\n\t\t\t\t<\/div>\n\t\t\t\t\t<\/div>\n\t\t<\/div>\n\t\t\t\t\t<\/div>\n\t\t<\/section>\n\t\t\t\t<\/div>\n\t\t","protected":false},"excerpt":{"rendered":"<p>Die vorliegenden Allgemeinen Gesch\u00e4ftsbedingungen regeln den Kauf von Waren, die von der Firma Praline Chocolaterie S\u00e0rl mit Sitz in Bergweg 4, 3234 Vinelz, Schweiz [im Folgenden: Praline] und dem Labor in Rue de l&#8217;Industrie 7, 2046 Fontaines, Schweiz (Telefonkontakt +41 78 921 99 50) hergestellt werden. Die vorliegenden Allgemeinen Gesch\u00e4ftsbedingungen unterliegen dem Schweizer Recht und [&hellip;]<\/p>\n","protected":false},"author":1,"featured_media":0,"parent":0,"menu_order":0,"comment_status":"closed","ping_status":"closed","template":"","meta":{"footnotes":""},"class_list":["post-16440","page","type-page","status-publish","hentry"],"yoast_head":"<!-- This site is optimized with the Yoast SEO plugin v27.3 - https:\/\/yoast.com\/product\/yoast-seo-wordpress\/ -->\n<title>Allgemeine Gesch\u00e4ftsbedingungen und Datenschutzrichtlinie - Praline Chocolaterie<\/title>\n<meta name=\"robots\" content=\"index, follow, max-snippet:-1, max-image-preview:large, max-video-preview:-1\" \/>\n<link rel=\"canonical\" href=\"https:\/\/praline-chocolaterie.ch\/de\/allgemeine-geschaeftsbedingungen-und-datenschutzrichtlinie\/\" \/>\n<meta property=\"og:locale\" content=\"de_DE\" \/>\n<meta property=\"og:type\" content=\"article\" \/>\n<meta property=\"og:title\" content=\"Allgemeine Gesch\u00e4ftsbedingungen und Datenschutzrichtlinie - Praline Chocolaterie\" \/>\n<meta property=\"og:description\" content=\"Die vorliegenden Allgemeinen Gesch\u00e4ftsbedingungen regeln den Kauf von Waren, die von der Firma Praline Chocolaterie S\u00e0rl mit Sitz in Bergweg 4, 3234 Vinelz, Schweiz [im Folgenden: Praline] und dem Labor in Rue de l&#8217;Industrie 7, 2046 Fontaines, Schweiz (Telefonkontakt +41 78 921 99 50) hergestellt werden. Die vorliegenden Allgemeinen Gesch\u00e4ftsbedingungen unterliegen dem Schweizer Recht und [&hellip;]\" \/>\n<meta property=\"og:url\" content=\"https:\/\/praline-chocolaterie.ch\/de\/allgemeine-geschaeftsbedingungen-und-datenschutzrichtlinie\/\" \/>\n<meta property=\"og:site_name\" content=\"Praline Chocolaterie\" \/>\n<meta property=\"article:publisher\" content=\"https:\/\/www.facebook.com\/samuel.muller.16\" \/>\n<meta property=\"article:modified_time\" content=\"2024-09-05T19:41:25+00:00\" \/>\n<meta name=\"twitter:card\" content=\"summary_large_image\" \/>\n<meta name=\"twitter:label1\" content=\"Gesch\u00e4tzte Lesezeit\" \/>\n\t<meta name=\"twitter:data1\" content=\"7\u00a0Minuten\" \/>\n<script type=\"application\/ld+json\" class=\"yoast-schema-graph\">{\"@context\":\"https:\\\/\\\/schema.org\",\"@graph\":[{\"@type\":\"WebPage\",\"@id\":\"https:\\\/\\\/praline-chocolaterie.ch\\\/de\\\/allgemeine-geschaeftsbedingungen-und-datenschutzrichtlinie\\\/\",\"url\":\"https:\\\/\\\/praline-chocolaterie.ch\\\/de\\\/allgemeine-geschaeftsbedingungen-und-datenschutzrichtlinie\\\/\",\"name\":\"Allgemeine Gesch\u00e4ftsbedingungen und Datenschutzrichtlinie - Praline Chocolaterie\",\"isPartOf\":{\"@id\":\"https:\\\/\\\/praline-chocolaterie.ch\\\/#website\"},\"datePublished\":\"2024-02-03T14:12:50+00:00\",\"dateModified\":\"2024-09-05T19:41:25+00:00\",\"breadcrumb\":{\"@id\":\"https:\\\/\\\/praline-chocolaterie.ch\\\/de\\\/allgemeine-geschaeftsbedingungen-und-datenschutzrichtlinie\\\/#breadcrumb\"},\"inLanguage\":\"de\",\"potentialAction\":[{\"@type\":\"ReadAction\",\"target\":[\"https:\\\/\\\/praline-chocolaterie.ch\\\/de\\\/allgemeine-geschaeftsbedingungen-und-datenschutzrichtlinie\\\/\"]}]},{\"@type\":\"BreadcrumbList\",\"@id\":\"https:\\\/\\\/praline-chocolaterie.ch\\\/de\\\/allgemeine-geschaeftsbedingungen-und-datenschutzrichtlinie\\\/#breadcrumb\",\"itemListElement\":[{\"@type\":\"ListItem\",\"position\":1,\"name\":\"Accueil\",\"item\":\"https:\\\/\\\/praline-chocolaterie.ch\\\/de\\\/home\\\/\"},{\"@type\":\"ListItem\",\"position\":2,\"name\":\"Allgemeine Gesch\u00e4ftsbedingungen und Datenschutzrichtlinie\"}]},{\"@type\":\"WebSite\",\"@id\":\"https:\\\/\\\/praline-chocolaterie.ch\\\/#website\",\"url\":\"https:\\\/\\\/praline-chocolaterie.ch\\\/\",\"name\":\"Praline Chocolaterie\",\"description\":\"Savourez l&#039;excellence\",\"publisher\":{\"@id\":\"https:\\\/\\\/praline-chocolaterie.ch\\\/#organization\"},\"potentialAction\":[{\"@type\":\"SearchAction\",\"target\":{\"@type\":\"EntryPoint\",\"urlTemplate\":\"https:\\\/\\\/praline-chocolaterie.ch\\\/?s={search_term_string}\"},\"query-input\":{\"@type\":\"PropertyValueSpecification\",\"valueRequired\":true,\"valueName\":\"search_term_string\"}}],\"inLanguage\":\"de\"},{\"@type\":\"Organization\",\"@id\":\"https:\\\/\\\/praline-chocolaterie.ch\\\/#organization\",\"name\":\"Praline Chocolaterie\",\"url\":\"https:\\\/\\\/praline-chocolaterie.ch\\\/\",\"logo\":{\"@type\":\"ImageObject\",\"inLanguage\":\"de\",\"@id\":\"https:\\\/\\\/praline-chocolaterie.ch\\\/#\\\/schema\\\/logo\\\/image\\\/\",\"url\":\"https:\\\/\\\/praline-chocolaterie.ch\\\/wp-content\\\/uploads\\\/2019\\\/06\\\/praline-logo-long-noir-retina.png\",\"contentUrl\":\"https:\\\/\\\/praline-chocolaterie.ch\\\/wp-content\\\/uploads\\\/2019\\\/06\\\/praline-logo-long-noir-retina.png\",\"width\":400,\"height\":83,\"caption\":\"Praline Chocolaterie\"},\"image\":{\"@id\":\"https:\\\/\\\/praline-chocolaterie.ch\\\/#\\\/schema\\\/logo\\\/image\\\/\"},\"sameAs\":[\"https:\\\/\\\/www.facebook.com\\\/samuel.muller.16\",\"https:\\\/\\\/www.instagram.com\\\/pralinechocolaterie\\\/\"]}]}<\/script>\n<!-- \/ Yoast SEO plugin. -->","yoast_head_json":{"title":"Allgemeine Gesch\u00e4ftsbedingungen und Datenschutzrichtlinie - Praline Chocolaterie","robots":{"index":"index","follow":"follow","max-snippet":"max-snippet:-1","max-image-preview":"max-image-preview:large","max-video-preview":"max-video-preview:-1"},"canonical":"https:\/\/praline-chocolaterie.ch\/de\/allgemeine-geschaeftsbedingungen-und-datenschutzrichtlinie\/","og_locale":"de_DE","og_type":"article","og_title":"Allgemeine Gesch\u00e4ftsbedingungen und Datenschutzrichtlinie - Praline Chocolaterie","og_description":"Die vorliegenden Allgemeinen Gesch\u00e4ftsbedingungen regeln den Kauf von Waren, die von der Firma Praline Chocolaterie S\u00e0rl mit Sitz in Bergweg 4, 3234 Vinelz, Schweiz [im Folgenden: Praline] und dem Labor in Rue de l&#8217;Industrie 7, 2046 Fontaines, Schweiz (Telefonkontakt +41 78 921 99 50) hergestellt werden. Die vorliegenden Allgemeinen Gesch\u00e4ftsbedingungen unterliegen dem Schweizer Recht und [&hellip;]","og_url":"https:\/\/praline-chocolaterie.ch\/de\/allgemeine-geschaeftsbedingungen-und-datenschutzrichtlinie\/","og_site_name":"Praline Chocolaterie","article_publisher":"https:\/\/www.facebook.com\/samuel.muller.16","article_modified_time":"2024-09-05T19:41:25+00:00","twitter_card":"summary_large_image","twitter_misc":{"Gesch\u00e4tzte Lesezeit":"7\u00a0Minuten"},"schema":{"@context":"https:\/\/schema.org","@graph":[{"@type":"WebPage","@id":"https:\/\/praline-chocolaterie.ch\/de\/allgemeine-geschaeftsbedingungen-und-datenschutzrichtlinie\/","url":"https:\/\/praline-chocolaterie.ch\/de\/allgemeine-geschaeftsbedingungen-und-datenschutzrichtlinie\/","name":"Allgemeine Gesch\u00e4ftsbedingungen und Datenschutzrichtlinie - Praline Chocolaterie","isPartOf":{"@id":"https:\/\/praline-chocolaterie.ch\/#website"},"datePublished":"2024-02-03T14:12:50+00:00","dateModified":"2024-09-05T19:41:25+00:00","breadcrumb":{"@id":"https:\/\/praline-chocolaterie.ch\/de\/allgemeine-geschaeftsbedingungen-und-datenschutzrichtlinie\/#breadcrumb"},"inLanguage":"de","potentialAction":[{"@type":"ReadAction","target":["https:\/\/praline-chocolaterie.ch\/de\/allgemeine-geschaeftsbedingungen-und-datenschutzrichtlinie\/"]}]},{"@type":"BreadcrumbList","@id":"https:\/\/praline-chocolaterie.ch\/de\/allgemeine-geschaeftsbedingungen-und-datenschutzrichtlinie\/#breadcrumb","itemListElement":[{"@type":"ListItem","position":1,"name":"Accueil","item":"https:\/\/praline-chocolaterie.ch\/de\/home\/"},{"@type":"ListItem","position":2,"name":"Allgemeine Gesch\u00e4ftsbedingungen und Datenschutzrichtlinie"}]},{"@type":"WebSite","@id":"https:\/\/praline-chocolaterie.ch\/#website","url":"https:\/\/praline-chocolaterie.ch\/","name":"Praline Chocolaterie","description":"Savourez l&#039;excellence","publisher":{"@id":"https:\/\/praline-chocolaterie.ch\/#organization"},"potentialAction":[{"@type":"SearchAction","target":{"@type":"EntryPoint","urlTemplate":"https:\/\/praline-chocolaterie.ch\/?s={search_term_string}"},"query-input":{"@type":"PropertyValueSpecification","valueRequired":true,"valueName":"search_term_string"}}],"inLanguage":"de"},{"@type":"Organization","@id":"https:\/\/praline-chocolaterie.ch\/#organization","name":"Praline Chocolaterie","url":"https:\/\/praline-chocolaterie.ch\/","logo":{"@type":"ImageObject","inLanguage":"de","@id":"https:\/\/praline-chocolaterie.ch\/#\/schema\/logo\/image\/","url":"https:\/\/praline-chocolaterie.ch\/wp-content\/uploads\/2019\/06\/praline-logo-long-noir-retina.png","contentUrl":"https:\/\/praline-chocolaterie.ch\/wp-content\/uploads\/2019\/06\/praline-logo-long-noir-retina.png","width":400,"height":83,"caption":"Praline Chocolaterie"},"image":{"@id":"https:\/\/praline-chocolaterie.ch\/#\/schema\/logo\/image\/"},"sameAs":["https:\/\/www.facebook.com\/samuel.muller.16","https:\/\/www.instagram.com\/pralinechocolaterie\/"]}]}},"_links":{"self":[{"href":"https:\/\/praline-chocolaterie.ch\/de\/wp-json\/wp\/v2\/pages\/16440","targetHints":{"allow":["GET"]}}],"collection":[{"href":"https:\/\/praline-chocolaterie.ch\/de\/wp-json\/wp\/v2\/pages"}],"about":[{"href":"https:\/\/praline-chocolaterie.ch\/de\/wp-json\/wp\/v2\/types\/page"}],"author":[{"embeddable":true,"href":"https:\/\/praline-chocolaterie.ch\/de\/wp-json\/wp\/v2\/users\/1"}],"replies":[{"embeddable":true,"href":"https:\/\/praline-chocolaterie.ch\/de\/wp-json\/wp\/v2\/comments?post=16440"}],"version-history":[{"count":1,"href":"https:\/\/praline-chocolaterie.ch\/de\/wp-json\/wp\/v2\/pages\/16440\/revisions"}],"predecessor-version":[{"id":16442,"href":"https:\/\/praline-chocolaterie.ch\/de\/wp-json\/wp\/v2\/pages\/16440\/revisions\/16442"}],"wp:attachment":[{"href":"https:\/\/praline-chocolaterie.ch\/de\/wp-json\/wp\/v2\/media?parent=16440"}],"curies":[{"name":"wp","href":"https:\/\/api.w.org\/{rel}","templated":true}]}}