{"id":16447,"date":"2024-02-26T15:24:21","date_gmt":"2024-02-26T14:24:21","guid":{"rendered":"https:\/\/praline-chocolaterie.ch\/product\/brotaufstrich-intense-haselnuss\/"},"modified":"2024-02-26T15:24:21","modified_gmt":"2024-02-26T14:24:21","slug":"brotaufstrich-intense-haselnuss","status":"publish","type":"product","link":"https:\/\/praline-chocolaterie.ch\/de\/produkt\/brotaufstrich-intense-haselnuss\/","title":{"rendered":"Brotaufstrich | Intense Haselnuss"},"content":{"rendered":"<p><strong>Zutaten: <\/strong>Zucker, Invertzucker, Glukose, Kakaobutter, Kakao, Milchpulver, Sojalecithin, Vanille, Haseln\u00fcsse, Fleur de Sel, feines Salz. <strong>Allergene:<\/strong> Alle unsere Produkte k\u00f6nnen Spuren von Milch, Eiern, Gluten, Schalenfr\u00fcchten, Erdn\u00fcssen, Sesam und Soja enthalten.<\/p>\n","protected":false},"excerpt":{"rendered":"<p>Der Brotaufstrich von Praline, f\u00fcr ein Fr\u00fchst\u00fcck, das mehr als nur lecker ist!<\/p>\n","protected":false},"featured_media":16216,"template":"","meta":[],"product_brand":[],"product_cat":[476],"product_tag":[],"class_list":{"0":"post-16447","1":"product","2":"type-product","3":"status-publish","4":"has-post-thumbnail","6":"product_cat-aufstrich","9":"first","10":"outofstock","11":"taxable","12":"shipping-taxable","13":"purchasable","14":"product-type-simple"},"yoast_head":"<!-- This site is optimized with the Yoast SEO plugin v27.4 - https:\/\/yoast.com\/product\/yoast-seo-wordpress\/ -->\n<title>Brotaufstrich | Intense Haselnuss - Praline Chocolaterie<\/title>\n<meta name=\"robots\" content=\"index, follow, max-snippet:-1, max-image-preview:large, max-video-preview:-1\" \/>\n<link rel=\"canonical\" href=\"https:\/\/praline-chocolaterie.ch\/product\/brotaufstrich-intense-haselnuss\/\" \/>\n<meta property=\"og:locale\" content=\"de_DE\" \/>\n<meta property=\"og:type\" content=\"article\" \/>\n<meta property=\"og:title\" content=\"Brotaufstrich | Intense Haselnuss - Praline Chocolaterie\" \/>\n<meta property=\"og:description\" content=\"Der Brotaufstrich von Praline, f\u00fcr ein Fr\u00fchst\u00fcck, das mehr als nur lecker ist!\" \/>\n<meta property=\"og:url\" content=\"https:\/\/praline-chocolaterie.ch\/product\/brotaufstrich-intense-haselnuss\/\" \/>\n<meta property=\"og:site_name\" content=\"Praline Chocolaterie\" \/>\n<meta property=\"article:publisher\" content=\"https:\/\/www.facebook.com\/samuel.muller.16\" \/>\n<meta name=\"twitter:card\" content=\"summary_large_image\" \/>\n<script type=\"application\/ld+json\" class=\"yoast-schema-graph\">{\"@context\":\"https:\\\/\\\/schema.org\",\"@graph\":[{\"@type\":\"WebPage\",\"@id\":\"https:\\\/\\\/praline-chocolaterie.ch\\\/product\\\/brotaufstrich-intense-haselnuss\\\/\",\"url\":\"https:\\\/\\\/praline-chocolaterie.ch\\\/product\\\/brotaufstrich-intense-haselnuss\\\/\",\"name\":\"Brotaufstrich | Intense Haselnuss - Praline Chocolaterie\",\"isPartOf\":{\"@id\":\"https:\\\/\\\/praline-chocolaterie.ch\\\/#website\"},\"primaryImageOfPage\":{\"@id\":\"https:\\\/\\\/praline-chocolaterie.ch\\\/product\\\/brotaufstrich-intense-haselnuss\\\/#primaryimage\"},\"image\":{\"@id\":\"https:\\\/\\\/praline-chocolaterie.ch\\\/product\\\/brotaufstrich-intense-haselnuss\\\/#primaryimage\"},\"thumbnailUrl\":\"https:\\\/\\\/praline-chocolaterie.ch\\\/wp-content\\\/uploads\\\/2024\\\/02\\\/praline-produit-pate-a-tartiner-noisettes.jpg\",\"datePublished\":\"2024-02-26T14:24:21+00:00\",\"breadcrumb\":{\"@id\":\"https:\\\/\\\/praline-chocolaterie.ch\\\/product\\\/brotaufstrich-intense-haselnuss\\\/#breadcrumb\"},\"inLanguage\":\"de\",\"potentialAction\":[{\"@type\":\"ReadAction\",\"target\":[\"https:\\\/\\\/praline-chocolaterie.ch\\\/product\\\/brotaufstrich-intense-haselnuss\\\/\"]}]},{\"@type\":\"ImageObject\",\"inLanguage\":\"de\",\"@id\":\"https:\\\/\\\/praline-chocolaterie.ch\\\/product\\\/brotaufstrich-intense-haselnuss\\\/#primaryimage\",\"url\":\"https:\\\/\\\/praline-chocolaterie.ch\\\/wp-content\\\/uploads\\\/2024\\\/02\\\/praline-produit-pate-a-tartiner-noisettes.jpg\",\"contentUrl\":\"https:\\\/\\\/praline-chocolaterie.ch\\\/wp-content\\\/uploads\\\/2024\\\/02\\\/praline-produit-pate-a-tartiner-noisettes.jpg\",\"width\":1000,\"height\":1000},{\"@type\":\"BreadcrumbList\",\"@id\":\"https:\\\/\\\/praline-chocolaterie.ch\\\/product\\\/brotaufstrich-intense-haselnuss\\\/#breadcrumb\",\"itemListElement\":[{\"@type\":\"ListItem\",\"position\":1,\"name\":\"Accueil\",\"item\":\"https:\\\/\\\/praline-chocolaterie.ch\\\/de\\\/home\\\/\"},{\"@type\":\"ListItem\",\"position\":2,\"name\":\"Online Shop\",\"item\":\"https:\\\/\\\/praline-chocolaterie.ch\\\/boutique\\\/\"},{\"@type\":\"ListItem\",\"position\":3,\"name\":\"Brotaufstrich | Intense Haselnuss\"}]},{\"@type\":\"WebSite\",\"@id\":\"https:\\\/\\\/praline-chocolaterie.ch\\\/#website\",\"url\":\"https:\\\/\\\/praline-chocolaterie.ch\\\/\",\"name\":\"Praline Chocolaterie\",\"description\":\"Savourez l&#039;excellence\",\"publisher\":{\"@id\":\"https:\\\/\\\/praline-chocolaterie.ch\\\/#organization\"},\"potentialAction\":[{\"@type\":\"SearchAction\",\"target\":{\"@type\":\"EntryPoint\",\"urlTemplate\":\"https:\\\/\\\/praline-chocolaterie.ch\\\/?s={search_term_string}\"},\"query-input\":{\"@type\":\"PropertyValueSpecification\",\"valueRequired\":true,\"valueName\":\"search_term_string\"}}],\"inLanguage\":\"de\"},{\"@type\":\"Organization\",\"@id\":\"https:\\\/\\\/praline-chocolaterie.ch\\\/#organization\",\"name\":\"Praline Chocolaterie\",\"url\":\"https:\\\/\\\/praline-chocolaterie.ch\\\/\",\"logo\":{\"@type\":\"ImageObject\",\"inLanguage\":\"de\",\"@id\":\"https:\\\/\\\/praline-chocolaterie.ch\\\/#\\\/schema\\\/logo\\\/image\\\/\",\"url\":\"https:\\\/\\\/praline-chocolaterie.ch\\\/wp-content\\\/uploads\\\/2019\\\/06\\\/praline-logo-long-noir-retina.png\",\"contentUrl\":\"https:\\\/\\\/praline-chocolaterie.ch\\\/wp-content\\\/uploads\\\/2019\\\/06\\\/praline-logo-long-noir-retina.png\",\"width\":400,\"height\":83,\"caption\":\"Praline Chocolaterie\"},\"image\":{\"@id\":\"https:\\\/\\\/praline-chocolaterie.ch\\\/#\\\/schema\\\/logo\\\/image\\\/\"},\"sameAs\":[\"https:\\\/\\\/www.facebook.com\\\/samuel.muller.16\",\"https:\\\/\\\/www.instagram.com\\\/pralinechocolaterie\\\/\"]}]}<\/script>\n<!-- \/ Yoast SEO plugin. -->","yoast_head_json":{"title":"Brotaufstrich | Intense Haselnuss - Praline Chocolaterie","robots":{"index":"index","follow":"follow","max-snippet":"max-snippet:-1","max-image-preview":"max-image-preview:large","max-video-preview":"max-video-preview:-1"},"canonical":"https:\/\/praline-chocolaterie.ch\/product\/brotaufstrich-intense-haselnuss\/","og_locale":"de_DE","og_type":"article","og_title":"Brotaufstrich | Intense Haselnuss - Praline Chocolaterie","og_description":"Der Brotaufstrich von Praline, f\u00fcr ein Fr\u00fchst\u00fcck, das mehr als nur lecker ist!","og_url":"https:\/\/praline-chocolaterie.ch\/product\/brotaufstrich-intense-haselnuss\/","og_site_name":"Praline Chocolaterie","article_publisher":"https:\/\/www.facebook.com\/samuel.muller.16","twitter_card":"summary_large_image","schema":{"@context":"https:\/\/schema.org","@graph":[{"@type":"WebPage","@id":"https:\/\/praline-chocolaterie.ch\/product\/brotaufstrich-intense-haselnuss\/","url":"https:\/\/praline-chocolaterie.ch\/product\/brotaufstrich-intense-haselnuss\/","name":"Brotaufstrich | Intense Haselnuss - Praline Chocolaterie","isPartOf":{"@id":"https:\/\/praline-chocolaterie.ch\/#website"},"primaryImageOfPage":{"@id":"https:\/\/praline-chocolaterie.ch\/product\/brotaufstrich-intense-haselnuss\/#primaryimage"},"image":{"@id":"https:\/\/praline-chocolaterie.ch\/product\/brotaufstrich-intense-haselnuss\/#primaryimage"},"thumbnailUrl":"https:\/\/praline-chocolaterie.ch\/wp-content\/uploads\/2024\/02\/praline-produit-pate-a-tartiner-noisettes.jpg","datePublished":"2024-02-26T14:24:21+00:00","breadcrumb":{"@id":"https:\/\/praline-chocolaterie.ch\/product\/brotaufstrich-intense-haselnuss\/#breadcrumb"},"inLanguage":"de","potentialAction":[{"@type":"ReadAction","target":["https:\/\/praline-chocolaterie.ch\/product\/brotaufstrich-intense-haselnuss\/"]}]},{"@type":"ImageObject","inLanguage":"de","@id":"https:\/\/praline-chocolaterie.ch\/product\/brotaufstrich-intense-haselnuss\/#primaryimage","url":"https:\/\/praline-chocolaterie.ch\/wp-content\/uploads\/2024\/02\/praline-produit-pate-a-tartiner-noisettes.jpg","contentUrl":"https:\/\/praline-chocolaterie.ch\/wp-content\/uploads\/2024\/02\/praline-produit-pate-a-tartiner-noisettes.jpg","width":1000,"height":1000},{"@type":"BreadcrumbList","@id":"https:\/\/praline-chocolaterie.ch\/product\/brotaufstrich-intense-haselnuss\/#breadcrumb","itemListElement":[{"@type":"ListItem","position":1,"name":"Accueil","item":"https:\/\/praline-chocolaterie.ch\/de\/home\/"},{"@type":"ListItem","position":2,"name":"Online Shop","item":"https:\/\/praline-chocolaterie.ch\/boutique\/"},{"@type":"ListItem","position":3,"name":"Brotaufstrich | Intense Haselnuss"}]},{"@type":"WebSite","@id":"https:\/\/praline-chocolaterie.ch\/#website","url":"https:\/\/praline-chocolaterie.ch\/","name":"Praline Chocolaterie","description":"Savourez l&#039;excellence","publisher":{"@id":"https:\/\/praline-chocolaterie.ch\/#organization"},"potentialAction":[{"@type":"SearchAction","target":{"@type":"EntryPoint","urlTemplate":"https:\/\/praline-chocolaterie.ch\/?s={search_term_string}"},"query-input":{"@type":"PropertyValueSpecification","valueRequired":true,"valueName":"search_term_string"}}],"inLanguage":"de"},{"@type":"Organization","@id":"https:\/\/praline-chocolaterie.ch\/#organization","name":"Praline Chocolaterie","url":"https:\/\/praline-chocolaterie.ch\/","logo":{"@type":"ImageObject","inLanguage":"de","@id":"https:\/\/praline-chocolaterie.ch\/#\/schema\/logo\/image\/","url":"https:\/\/praline-chocolaterie.ch\/wp-content\/uploads\/2019\/06\/praline-logo-long-noir-retina.png","contentUrl":"https:\/\/praline-chocolaterie.ch\/wp-content\/uploads\/2019\/06\/praline-logo-long-noir-retina.png","width":400,"height":83,"caption":"Praline Chocolaterie"},"image":{"@id":"https:\/\/praline-chocolaterie.ch\/#\/schema\/logo\/image\/"},"sameAs":["https:\/\/www.facebook.com\/samuel.muller.16","https:\/\/www.instagram.com\/pralinechocolaterie\/"]}]}},"_links":{"self":[{"href":"https:\/\/praline-chocolaterie.ch\/de\/wp-json\/wp\/v2\/product\/16447","targetHints":{"allow":["GET"]}}],"collection":[{"href":"https:\/\/praline-chocolaterie.ch\/de\/wp-json\/wp\/v2\/product"}],"about":[{"href":"https:\/\/praline-chocolaterie.ch\/de\/wp-json\/wp\/v2\/types\/product"}],"wp:featuredmedia":[{"embeddable":true,"href":"https:\/\/praline-chocolaterie.ch\/de\/wp-json\/wp\/v2\/media\/16216"}],"wp:attachment":[{"href":"https:\/\/praline-chocolaterie.ch\/de\/wp-json\/wp\/v2\/media?parent=16447"}],"wp:term":[{"taxonomy":"product_brand","embeddable":true,"href":"https:\/\/praline-chocolaterie.ch\/de\/wp-json\/wp\/v2\/product_brand?post=16447"},{"taxonomy":"product_cat","embeddable":true,"href":"https:\/\/praline-chocolaterie.ch\/de\/wp-json\/wp\/v2\/product_cat?post=16447"},{"taxonomy":"product_tag","embeddable":true,"href":"https:\/\/praline-chocolaterie.ch\/de\/wp-json\/wp\/v2\/product_tag?post=16447"}],"curies":[{"name":"wp","href":"https:\/\/api.w.org\/{rel}","templated":true}]}}