{"id":16449,"date":"2024-02-26T14:51:26","date_gmt":"2024-02-26T13:51:26","guid":{"rendered":"https:\/\/praline-chocolaterie.ch\/product\/die-trockenfruechte-4er-pack-pralinen\/"},"modified":"2024-02-26T14:51:26","modified_gmt":"2024-02-26T13:51:26","slug":"die-trockenfruechte-4er-pack-pralinen","status":"publish","type":"product","link":"https:\/\/praline-chocolaterie.ch\/de\/produkt\/die-trockenfruechte-4er-pack-pralinen\/","title":{"rendered":"Die Trockenfr\u00fcchte | 4er-Pack Pralinen"},"content":{"rendered":"<p><strong>Zutaten:<\/strong> Kakao, Milchpulver, Kakaobutter, Butter, Sojalecithin, Invertzucker, Sahne, Glukosesirup, Zucker, Sorbitol, Sonnenblumen\u00f6l, Oliven\u00f6l, Pekann\u00fcsse, Haseln\u00fcsse, Pistazien, Erdn\u00fcsse, Vanille, feines Salz, Fleur de Sel. <strong>Allergene: <\/strong>Alle unsere Produkte k\u00f6nnen Spuren von Milch, Eiern, Gluten, Schalenfr\u00fcchten, Erdn\u00fcssen, Sesam und Soja enthalten.<\/p>\n","protected":false},"excerpt":{"rendered":"<p>Box mit 4 <em>Trockenfr\u00fcchte-Pralinen<\/em>: 1 Haselnuss-Pralin\u00e9, 1 Pekannuss-Pralin\u00e9, 1 Erdnuss-Pralin\u00e9 und 1 Pistazien-Pralin\u00e9<\/p>\n","protected":false},"featured_media":16207,"template":"","meta":[],"product_brand":[],"product_cat":[473,472,468],"product_tag":[],"class_list":{"0":"post-16449","1":"product","2":"type-product","3":"status-publish","4":"has-post-thumbnail","6":"product_cat-box-mit-4-stuck","7":"product_cat-pralinen","8":"product_cat-schokolade","11":"first","12":"instock","13":"taxable","14":"shipping-taxable","15":"purchasable","16":"product-type-simple"},"yoast_head":"<!-- This site is optimized with the Yoast SEO plugin v27.5 - https:\/\/yoast.com\/product\/yoast-seo-wordpress\/ -->\n<title>Die Trockenfr\u00fcchte | 4er-Pack Pralinen - Praline Chocolaterie<\/title>\n<meta name=\"robots\" content=\"index, follow, max-snippet:-1, max-image-preview:large, max-video-preview:-1\" \/>\n<link rel=\"canonical\" href=\"https:\/\/praline-chocolaterie.ch\/product\/die-trockenfruechte-4er-pack-pralinen\/\" \/>\n<meta property=\"og:locale\" content=\"de_DE\" \/>\n<meta property=\"og:type\" content=\"article\" \/>\n<meta property=\"og:title\" content=\"Die Trockenfr\u00fcchte | 4er-Pack Pralinen - Praline Chocolaterie\" \/>\n<meta property=\"og:description\" content=\"Box mit 4 Trockenfr\u00fcchte-Pralinen: 1 Haselnuss-Pralin\u00e9, 1 Pekannuss-Pralin\u00e9, 1 Erdnuss-Pralin\u00e9 und 1 Pistazien-Pralin\u00e9\" \/>\n<meta property=\"og:url\" content=\"https:\/\/praline-chocolaterie.ch\/product\/die-trockenfruechte-4er-pack-pralinen\/\" \/>\n<meta property=\"og:site_name\" content=\"Praline Chocolaterie\" \/>\n<meta property=\"article:publisher\" content=\"https:\/\/www.facebook.com\/samuel.muller.16\" \/>\n<meta name=\"twitter:card\" content=\"summary_large_image\" \/>\n<script type=\"application\/ld+json\" class=\"yoast-schema-graph\">{\"@context\":\"https:\\\/\\\/schema.org\",\"@graph\":[{\"@type\":\"WebPage\",\"@id\":\"https:\\\/\\\/praline-chocolaterie.ch\\\/product\\\/die-trockenfruechte-4er-pack-pralinen\\\/\",\"url\":\"https:\\\/\\\/praline-chocolaterie.ch\\\/product\\\/die-trockenfruechte-4er-pack-pralinen\\\/\",\"name\":\"Die Trockenfr\u00fcchte | 4er-Pack Pralinen - Praline Chocolaterie\",\"isPartOf\":{\"@id\":\"https:\\\/\\\/praline-chocolaterie.ch\\\/#website\"},\"primaryImageOfPage\":{\"@id\":\"https:\\\/\\\/praline-chocolaterie.ch\\\/product\\\/die-trockenfruechte-4er-pack-pralinen\\\/#primaryimage\"},\"image\":{\"@id\":\"https:\\\/\\\/praline-chocolaterie.ch\\\/product\\\/die-trockenfruechte-4er-pack-pralinen\\\/#primaryimage\"},\"thumbnailUrl\":\"https:\\\/\\\/praline-chocolaterie.ch\\\/wp-content\\\/uploads\\\/2024\\\/02\\\/praline-pralines-boite-4-fruits-secs.jpg\",\"datePublished\":\"2024-02-26T13:51:26+00:00\",\"breadcrumb\":{\"@id\":\"https:\\\/\\\/praline-chocolaterie.ch\\\/product\\\/die-trockenfruechte-4er-pack-pralinen\\\/#breadcrumb\"},\"inLanguage\":\"de\",\"potentialAction\":[{\"@type\":\"ReadAction\",\"target\":[\"https:\\\/\\\/praline-chocolaterie.ch\\\/product\\\/die-trockenfruechte-4er-pack-pralinen\\\/\"]}]},{\"@type\":\"ImageObject\",\"inLanguage\":\"de\",\"@id\":\"https:\\\/\\\/praline-chocolaterie.ch\\\/product\\\/die-trockenfruechte-4er-pack-pralinen\\\/#primaryimage\",\"url\":\"https:\\\/\\\/praline-chocolaterie.ch\\\/wp-content\\\/uploads\\\/2024\\\/02\\\/praline-pralines-boite-4-fruits-secs.jpg\",\"contentUrl\":\"https:\\\/\\\/praline-chocolaterie.ch\\\/wp-content\\\/uploads\\\/2024\\\/02\\\/praline-pralines-boite-4-fruits-secs.jpg\",\"width\":1000,\"height\":1000},{\"@type\":\"BreadcrumbList\",\"@id\":\"https:\\\/\\\/praline-chocolaterie.ch\\\/product\\\/die-trockenfruechte-4er-pack-pralinen\\\/#breadcrumb\",\"itemListElement\":[{\"@type\":\"ListItem\",\"position\":1,\"name\":\"Accueil\",\"item\":\"https:\\\/\\\/praline-chocolaterie.ch\\\/de\\\/home\\\/\"},{\"@type\":\"ListItem\",\"position\":2,\"name\":\"Online Shop\",\"item\":\"https:\\\/\\\/praline-chocolaterie.ch\\\/boutique\\\/\"},{\"@type\":\"ListItem\",\"position\":3,\"name\":\"Die Trockenfr\u00fcchte | 4er-Pack Pralinen\"}]},{\"@type\":\"WebSite\",\"@id\":\"https:\\\/\\\/praline-chocolaterie.ch\\\/#website\",\"url\":\"https:\\\/\\\/praline-chocolaterie.ch\\\/\",\"name\":\"Praline Chocolaterie\",\"description\":\"Savourez l&#039;excellence\",\"publisher\":{\"@id\":\"https:\\\/\\\/praline-chocolaterie.ch\\\/#organization\"},\"potentialAction\":[{\"@type\":\"SearchAction\",\"target\":{\"@type\":\"EntryPoint\",\"urlTemplate\":\"https:\\\/\\\/praline-chocolaterie.ch\\\/?s={search_term_string}\"},\"query-input\":{\"@type\":\"PropertyValueSpecification\",\"valueRequired\":true,\"valueName\":\"search_term_string\"}}],\"inLanguage\":\"de\"},{\"@type\":\"Organization\",\"@id\":\"https:\\\/\\\/praline-chocolaterie.ch\\\/#organization\",\"name\":\"Praline Chocolaterie\",\"url\":\"https:\\\/\\\/praline-chocolaterie.ch\\\/\",\"logo\":{\"@type\":\"ImageObject\",\"inLanguage\":\"de\",\"@id\":\"https:\\\/\\\/praline-chocolaterie.ch\\\/#\\\/schema\\\/logo\\\/image\\\/\",\"url\":\"https:\\\/\\\/praline-chocolaterie.ch\\\/wp-content\\\/uploads\\\/2019\\\/06\\\/praline-logo-long-noir-retina.png\",\"contentUrl\":\"https:\\\/\\\/praline-chocolaterie.ch\\\/wp-content\\\/uploads\\\/2019\\\/06\\\/praline-logo-long-noir-retina.png\",\"width\":400,\"height\":83,\"caption\":\"Praline Chocolaterie\"},\"image\":{\"@id\":\"https:\\\/\\\/praline-chocolaterie.ch\\\/#\\\/schema\\\/logo\\\/image\\\/\"},\"sameAs\":[\"https:\\\/\\\/www.facebook.com\\\/samuel.muller.16\",\"https:\\\/\\\/www.instagram.com\\\/pralinechocolaterie\\\/\"]}]}<\/script>\n<!-- \/ Yoast SEO plugin. -->","yoast_head_json":{"title":"Die Trockenfr\u00fcchte | 4er-Pack Pralinen - Praline Chocolaterie","robots":{"index":"index","follow":"follow","max-snippet":"max-snippet:-1","max-image-preview":"max-image-preview:large","max-video-preview":"max-video-preview:-1"},"canonical":"https:\/\/praline-chocolaterie.ch\/product\/die-trockenfruechte-4er-pack-pralinen\/","og_locale":"de_DE","og_type":"article","og_title":"Die Trockenfr\u00fcchte | 4er-Pack Pralinen - Praline Chocolaterie","og_description":"Box mit 4 Trockenfr\u00fcchte-Pralinen: 1 Haselnuss-Pralin\u00e9, 1 Pekannuss-Pralin\u00e9, 1 Erdnuss-Pralin\u00e9 und 1 Pistazien-Pralin\u00e9","og_url":"https:\/\/praline-chocolaterie.ch\/product\/die-trockenfruechte-4er-pack-pralinen\/","og_site_name":"Praline Chocolaterie","article_publisher":"https:\/\/www.facebook.com\/samuel.muller.16","twitter_card":"summary_large_image","schema":{"@context":"https:\/\/schema.org","@graph":[{"@type":"WebPage","@id":"https:\/\/praline-chocolaterie.ch\/product\/die-trockenfruechte-4er-pack-pralinen\/","url":"https:\/\/praline-chocolaterie.ch\/product\/die-trockenfruechte-4er-pack-pralinen\/","name":"Die Trockenfr\u00fcchte | 4er-Pack Pralinen - Praline Chocolaterie","isPartOf":{"@id":"https:\/\/praline-chocolaterie.ch\/#website"},"primaryImageOfPage":{"@id":"https:\/\/praline-chocolaterie.ch\/product\/die-trockenfruechte-4er-pack-pralinen\/#primaryimage"},"image":{"@id":"https:\/\/praline-chocolaterie.ch\/product\/die-trockenfruechte-4er-pack-pralinen\/#primaryimage"},"thumbnailUrl":"https:\/\/praline-chocolaterie.ch\/wp-content\/uploads\/2024\/02\/praline-pralines-boite-4-fruits-secs.jpg","datePublished":"2024-02-26T13:51:26+00:00","breadcrumb":{"@id":"https:\/\/praline-chocolaterie.ch\/product\/die-trockenfruechte-4er-pack-pralinen\/#breadcrumb"},"inLanguage":"de","potentialAction":[{"@type":"ReadAction","target":["https:\/\/praline-chocolaterie.ch\/product\/die-trockenfruechte-4er-pack-pralinen\/"]}]},{"@type":"ImageObject","inLanguage":"de","@id":"https:\/\/praline-chocolaterie.ch\/product\/die-trockenfruechte-4er-pack-pralinen\/#primaryimage","url":"https:\/\/praline-chocolaterie.ch\/wp-content\/uploads\/2024\/02\/praline-pralines-boite-4-fruits-secs.jpg","contentUrl":"https:\/\/praline-chocolaterie.ch\/wp-content\/uploads\/2024\/02\/praline-pralines-boite-4-fruits-secs.jpg","width":1000,"height":1000},{"@type":"BreadcrumbList","@id":"https:\/\/praline-chocolaterie.ch\/product\/die-trockenfruechte-4er-pack-pralinen\/#breadcrumb","itemListElement":[{"@type":"ListItem","position":1,"name":"Accueil","item":"https:\/\/praline-chocolaterie.ch\/de\/home\/"},{"@type":"ListItem","position":2,"name":"Online Shop","item":"https:\/\/praline-chocolaterie.ch\/boutique\/"},{"@type":"ListItem","position":3,"name":"Die Trockenfr\u00fcchte | 4er-Pack Pralinen"}]},{"@type":"WebSite","@id":"https:\/\/praline-chocolaterie.ch\/#website","url":"https:\/\/praline-chocolaterie.ch\/","name":"Praline Chocolaterie","description":"Savourez l&#039;excellence","publisher":{"@id":"https:\/\/praline-chocolaterie.ch\/#organization"},"potentialAction":[{"@type":"SearchAction","target":{"@type":"EntryPoint","urlTemplate":"https:\/\/praline-chocolaterie.ch\/?s={search_term_string}"},"query-input":{"@type":"PropertyValueSpecification","valueRequired":true,"valueName":"search_term_string"}}],"inLanguage":"de"},{"@type":"Organization","@id":"https:\/\/praline-chocolaterie.ch\/#organization","name":"Praline Chocolaterie","url":"https:\/\/praline-chocolaterie.ch\/","logo":{"@type":"ImageObject","inLanguage":"de","@id":"https:\/\/praline-chocolaterie.ch\/#\/schema\/logo\/image\/","url":"https:\/\/praline-chocolaterie.ch\/wp-content\/uploads\/2019\/06\/praline-logo-long-noir-retina.png","contentUrl":"https:\/\/praline-chocolaterie.ch\/wp-content\/uploads\/2019\/06\/praline-logo-long-noir-retina.png","width":400,"height":83,"caption":"Praline Chocolaterie"},"image":{"@id":"https:\/\/praline-chocolaterie.ch\/#\/schema\/logo\/image\/"},"sameAs":["https:\/\/www.facebook.com\/samuel.muller.16","https:\/\/www.instagram.com\/pralinechocolaterie\/"]}]}},"_links":{"self":[{"href":"https:\/\/praline-chocolaterie.ch\/de\/wp-json\/wp\/v2\/product\/16449","targetHints":{"allow":["GET"]}}],"collection":[{"href":"https:\/\/praline-chocolaterie.ch\/de\/wp-json\/wp\/v2\/product"}],"about":[{"href":"https:\/\/praline-chocolaterie.ch\/de\/wp-json\/wp\/v2\/types\/product"}],"wp:featuredmedia":[{"embeddable":true,"href":"https:\/\/praline-chocolaterie.ch\/de\/wp-json\/wp\/v2\/media\/16207"}],"wp:attachment":[{"href":"https:\/\/praline-chocolaterie.ch\/de\/wp-json\/wp\/v2\/media?parent=16449"}],"wp:term":[{"taxonomy":"product_brand","embeddable":true,"href":"https:\/\/praline-chocolaterie.ch\/de\/wp-json\/wp\/v2\/product_brand?post=16449"},{"taxonomy":"product_cat","embeddable":true,"href":"https:\/\/praline-chocolaterie.ch\/de\/wp-json\/wp\/v2\/product_cat?post=16449"},{"taxonomy":"product_tag","embeddable":true,"href":"https:\/\/praline-chocolaterie.ch\/de\/wp-json\/wp\/v2\/product_tag?post=16449"}],"curies":[{"name":"wp","href":"https:\/\/api.w.org\/{rel}","templated":true}]}}