{"id":16664,"date":"2025-11-24T06:52:01","date_gmt":"2025-11-24T05:52:01","guid":{"rendered":"https:\/\/praline-chocolaterie.ch\/?post_type=product&#038;p=16664"},"modified":"2025-12-03T10:22:14","modified_gmt":"2025-12-03T09:22:14","slug":"les-fusions-4er-packung-pralines-copie","status":"publish","type":"product","link":"https:\/\/praline-chocolaterie.ch\/de\/produkt\/les-fusions-4er-packung-pralines-copie\/","title":{"rendered":"Les Fusions | 4er-Packung Pralin\u00e9s (Copie)"},"content":{"rendered":"<p><strong>Zutaten: <\/strong>Kakao, Milchpulver, Kakaobutter, Butter, Sojalecithin, Invertzucker, Sahne, Zitronens\u00e4ure, Glukosesirup, Apfelsaft, gelbes Pektin, Zucker, Yuzu-Saft, Zitronensaft, Estragon, Buchweizen, Kastanienhonig, Tonkabohne, Vanille, feines Salz, Fleur de Sel. <strong>Allergene<\/strong>: Alle unsere Produkte k\u00f6nnen Spuren von Milch, Eiern, Gluten, Schalenfr\u00fcchten, Erdn\u00fcssen, Sesam und Soja enthalten.<\/p>\n","protected":false},"excerpt":{"rendered":"<p>Box mit 4 Fusion-Pralinen: Vanille, Estragon, Buchweizen-Honig und Yuzu<\/p>\n","protected":false},"featured_media":16670,"template":"","meta":[],"product_brand":[],"product_cat":[474,472,468],"product_tag":[],"class_list":{"0":"post-16664","1":"product","2":"type-product","3":"status-publish","4":"has-post-thumbnail","6":"product_cat-box-mit-9-stuck","7":"product_cat-pralinen","8":"product_cat-schokolade","11":"first","12":"instock","13":"taxable","14":"shipping-taxable","15":"purchasable","16":"product-type-simple"},"yoast_head":"<!-- This site is optimized with the Yoast SEO plugin v27.5 - https:\/\/yoast.com\/product\/yoast-seo-wordpress\/ -->\n<title>Les Fusions | 4er-Packung Pralin\u00e9s (Copie) - Praline Chocolaterie<\/title>\n<meta name=\"robots\" content=\"index, follow, max-snippet:-1, max-image-preview:large, max-video-preview:-1\" \/>\n<link rel=\"canonical\" href=\"https:\/\/praline-chocolaterie.ch\/de\/produkt\/les-fusions-4er-packung-pralines-copie\/\" \/>\n<meta property=\"og:locale\" content=\"de_DE\" \/>\n<meta property=\"og:type\" content=\"article\" \/>\n<meta property=\"og:title\" content=\"Les Fusions | 4er-Packung Pralin\u00e9s (Copie) - Praline Chocolaterie\" \/>\n<meta property=\"og:description\" content=\"Box mit 4 Fusion-Pralinen: Vanille, Estragon, Buchweizen-Honig und Yuzu\" \/>\n<meta property=\"og:url\" content=\"https:\/\/praline-chocolaterie.ch\/de\/produkt\/les-fusions-4er-packung-pralines-copie\/\" \/>\n<meta property=\"og:site_name\" content=\"Praline Chocolaterie\" \/>\n<meta property=\"article:publisher\" content=\"https:\/\/www.facebook.com\/samuel.muller.16\" \/>\n<meta property=\"article:modified_time\" content=\"2025-12-03T09:22:14+00:00\" \/>\n<meta property=\"og:image\" content=\"https:\/\/praline-chocolaterie.ch\/wp-content\/uploads\/2025\/11\/Compo-V3.jpg\" \/>\n\t<meta property=\"og:image:width\" content=\"2000\" \/>\n\t<meta property=\"og:image:height\" content=\"2000\" \/>\n\t<meta property=\"og:image:type\" content=\"image\/jpeg\" \/>\n<meta name=\"twitter:card\" content=\"summary_large_image\" \/>\n<script type=\"application\/ld+json\" class=\"yoast-schema-graph\">{\"@context\":\"https:\\\/\\\/schema.org\",\"@graph\":[{\"@type\":\"WebPage\",\"@id\":\"https:\\\/\\\/praline-chocolaterie.ch\\\/de\\\/produkt\\\/les-fusions-4er-packung-pralines-copie\\\/\",\"url\":\"https:\\\/\\\/praline-chocolaterie.ch\\\/de\\\/produkt\\\/les-fusions-4er-packung-pralines-copie\\\/\",\"name\":\"Les Fusions | 4er-Packung Pralin\u00e9s (Copie) - Praline Chocolaterie\",\"isPartOf\":{\"@id\":\"https:\\\/\\\/praline-chocolaterie.ch\\\/#website\"},\"primaryImageOfPage\":{\"@id\":\"https:\\\/\\\/praline-chocolaterie.ch\\\/de\\\/produkt\\\/les-fusions-4er-packung-pralines-copie\\\/#primaryimage\"},\"image\":{\"@id\":\"https:\\\/\\\/praline-chocolaterie.ch\\\/de\\\/produkt\\\/les-fusions-4er-packung-pralines-copie\\\/#primaryimage\"},\"thumbnailUrl\":\"https:\\\/\\\/praline-chocolaterie.ch\\\/wp-content\\\/uploads\\\/2025\\\/11\\\/Compo-V3.jpg\",\"datePublished\":\"2025-11-24T05:52:01+00:00\",\"dateModified\":\"2025-12-03T09:22:14+00:00\",\"breadcrumb\":{\"@id\":\"https:\\\/\\\/praline-chocolaterie.ch\\\/de\\\/produkt\\\/les-fusions-4er-packung-pralines-copie\\\/#breadcrumb\"},\"inLanguage\":\"de\",\"potentialAction\":[{\"@type\":\"ReadAction\",\"target\":[\"https:\\\/\\\/praline-chocolaterie.ch\\\/de\\\/produkt\\\/les-fusions-4er-packung-pralines-copie\\\/\"]}]},{\"@type\":\"ImageObject\",\"inLanguage\":\"de\",\"@id\":\"https:\\\/\\\/praline-chocolaterie.ch\\\/de\\\/produkt\\\/les-fusions-4er-packung-pralines-copie\\\/#primaryimage\",\"url\":\"https:\\\/\\\/praline-chocolaterie.ch\\\/wp-content\\\/uploads\\\/2025\\\/11\\\/Compo-V3.jpg\",\"contentUrl\":\"https:\\\/\\\/praline-chocolaterie.ch\\\/wp-content\\\/uploads\\\/2025\\\/11\\\/Compo-V3.jpg\",\"width\":2000,\"height\":2000},{\"@type\":\"BreadcrumbList\",\"@id\":\"https:\\\/\\\/praline-chocolaterie.ch\\\/de\\\/produkt\\\/les-fusions-4er-packung-pralines-copie\\\/#breadcrumb\",\"itemListElement\":[{\"@type\":\"ListItem\",\"position\":1,\"name\":\"Accueil\",\"item\":\"https:\\\/\\\/praline-chocolaterie.ch\\\/de\\\/home\\\/\"},{\"@type\":\"ListItem\",\"position\":2,\"name\":\"Online Shop\",\"item\":\"https:\\\/\\\/praline-chocolaterie.ch\\\/boutique\\\/\"},{\"@type\":\"ListItem\",\"position\":3,\"name\":\"Les Fusions | 4er-Packung Pralin\u00e9s (Copie)\"}]},{\"@type\":\"WebSite\",\"@id\":\"https:\\\/\\\/praline-chocolaterie.ch\\\/#website\",\"url\":\"https:\\\/\\\/praline-chocolaterie.ch\\\/\",\"name\":\"Praline Chocolaterie\",\"description\":\"Savourez l&#039;excellence\",\"publisher\":{\"@id\":\"https:\\\/\\\/praline-chocolaterie.ch\\\/#organization\"},\"potentialAction\":[{\"@type\":\"SearchAction\",\"target\":{\"@type\":\"EntryPoint\",\"urlTemplate\":\"https:\\\/\\\/praline-chocolaterie.ch\\\/?s={search_term_string}\"},\"query-input\":{\"@type\":\"PropertyValueSpecification\",\"valueRequired\":true,\"valueName\":\"search_term_string\"}}],\"inLanguage\":\"de\"},{\"@type\":\"Organization\",\"@id\":\"https:\\\/\\\/praline-chocolaterie.ch\\\/#organization\",\"name\":\"Praline Chocolaterie\",\"url\":\"https:\\\/\\\/praline-chocolaterie.ch\\\/\",\"logo\":{\"@type\":\"ImageObject\",\"inLanguage\":\"de\",\"@id\":\"https:\\\/\\\/praline-chocolaterie.ch\\\/#\\\/schema\\\/logo\\\/image\\\/\",\"url\":\"https:\\\/\\\/praline-chocolaterie.ch\\\/wp-content\\\/uploads\\\/2019\\\/06\\\/praline-logo-long-noir-retina.png\",\"contentUrl\":\"https:\\\/\\\/praline-chocolaterie.ch\\\/wp-content\\\/uploads\\\/2019\\\/06\\\/praline-logo-long-noir-retina.png\",\"width\":400,\"height\":83,\"caption\":\"Praline Chocolaterie\"},\"image\":{\"@id\":\"https:\\\/\\\/praline-chocolaterie.ch\\\/#\\\/schema\\\/logo\\\/image\\\/\"},\"sameAs\":[\"https:\\\/\\\/www.facebook.com\\\/samuel.muller.16\",\"https:\\\/\\\/www.instagram.com\\\/pralinechocolaterie\\\/\"]}]}<\/script>\n<!-- \/ Yoast SEO plugin. -->","yoast_head_json":{"title":"Les Fusions | 4er-Packung Pralin\u00e9s (Copie) - Praline Chocolaterie","robots":{"index":"index","follow":"follow","max-snippet":"max-snippet:-1","max-image-preview":"max-image-preview:large","max-video-preview":"max-video-preview:-1"},"canonical":"https:\/\/praline-chocolaterie.ch\/de\/produkt\/les-fusions-4er-packung-pralines-copie\/","og_locale":"de_DE","og_type":"article","og_title":"Les Fusions | 4er-Packung Pralin\u00e9s (Copie) - Praline Chocolaterie","og_description":"Box mit 4 Fusion-Pralinen: Vanille, Estragon, Buchweizen-Honig und Yuzu","og_url":"https:\/\/praline-chocolaterie.ch\/de\/produkt\/les-fusions-4er-packung-pralines-copie\/","og_site_name":"Praline Chocolaterie","article_publisher":"https:\/\/www.facebook.com\/samuel.muller.16","article_modified_time":"2025-12-03T09:22:14+00:00","og_image":[{"width":2000,"height":2000,"url":"https:\/\/praline-chocolaterie.ch\/wp-content\/uploads\/2025\/11\/Compo-V3.jpg","type":"image\/jpeg"}],"twitter_card":"summary_large_image","schema":{"@context":"https:\/\/schema.org","@graph":[{"@type":"WebPage","@id":"https:\/\/praline-chocolaterie.ch\/de\/produkt\/les-fusions-4er-packung-pralines-copie\/","url":"https:\/\/praline-chocolaterie.ch\/de\/produkt\/les-fusions-4er-packung-pralines-copie\/","name":"Les Fusions | 4er-Packung Pralin\u00e9s (Copie) - Praline Chocolaterie","isPartOf":{"@id":"https:\/\/praline-chocolaterie.ch\/#website"},"primaryImageOfPage":{"@id":"https:\/\/praline-chocolaterie.ch\/de\/produkt\/les-fusions-4er-packung-pralines-copie\/#primaryimage"},"image":{"@id":"https:\/\/praline-chocolaterie.ch\/de\/produkt\/les-fusions-4er-packung-pralines-copie\/#primaryimage"},"thumbnailUrl":"https:\/\/praline-chocolaterie.ch\/wp-content\/uploads\/2025\/11\/Compo-V3.jpg","datePublished":"2025-11-24T05:52:01+00:00","dateModified":"2025-12-03T09:22:14+00:00","breadcrumb":{"@id":"https:\/\/praline-chocolaterie.ch\/de\/produkt\/les-fusions-4er-packung-pralines-copie\/#breadcrumb"},"inLanguage":"de","potentialAction":[{"@type":"ReadAction","target":["https:\/\/praline-chocolaterie.ch\/de\/produkt\/les-fusions-4er-packung-pralines-copie\/"]}]},{"@type":"ImageObject","inLanguage":"de","@id":"https:\/\/praline-chocolaterie.ch\/de\/produkt\/les-fusions-4er-packung-pralines-copie\/#primaryimage","url":"https:\/\/praline-chocolaterie.ch\/wp-content\/uploads\/2025\/11\/Compo-V3.jpg","contentUrl":"https:\/\/praline-chocolaterie.ch\/wp-content\/uploads\/2025\/11\/Compo-V3.jpg","width":2000,"height":2000},{"@type":"BreadcrumbList","@id":"https:\/\/praline-chocolaterie.ch\/de\/produkt\/les-fusions-4er-packung-pralines-copie\/#breadcrumb","itemListElement":[{"@type":"ListItem","position":1,"name":"Accueil","item":"https:\/\/praline-chocolaterie.ch\/de\/home\/"},{"@type":"ListItem","position":2,"name":"Online Shop","item":"https:\/\/praline-chocolaterie.ch\/boutique\/"},{"@type":"ListItem","position":3,"name":"Les Fusions | 4er-Packung Pralin\u00e9s (Copie)"}]},{"@type":"WebSite","@id":"https:\/\/praline-chocolaterie.ch\/#website","url":"https:\/\/praline-chocolaterie.ch\/","name":"Praline Chocolaterie","description":"Savourez l&#039;excellence","publisher":{"@id":"https:\/\/praline-chocolaterie.ch\/#organization"},"potentialAction":[{"@type":"SearchAction","target":{"@type":"EntryPoint","urlTemplate":"https:\/\/praline-chocolaterie.ch\/?s={search_term_string}"},"query-input":{"@type":"PropertyValueSpecification","valueRequired":true,"valueName":"search_term_string"}}],"inLanguage":"de"},{"@type":"Organization","@id":"https:\/\/praline-chocolaterie.ch\/#organization","name":"Praline Chocolaterie","url":"https:\/\/praline-chocolaterie.ch\/","logo":{"@type":"ImageObject","inLanguage":"de","@id":"https:\/\/praline-chocolaterie.ch\/#\/schema\/logo\/image\/","url":"https:\/\/praline-chocolaterie.ch\/wp-content\/uploads\/2019\/06\/praline-logo-long-noir-retina.png","contentUrl":"https:\/\/praline-chocolaterie.ch\/wp-content\/uploads\/2019\/06\/praline-logo-long-noir-retina.png","width":400,"height":83,"caption":"Praline Chocolaterie"},"image":{"@id":"https:\/\/praline-chocolaterie.ch\/#\/schema\/logo\/image\/"},"sameAs":["https:\/\/www.facebook.com\/samuel.muller.16","https:\/\/www.instagram.com\/pralinechocolaterie\/"]}]}},"_links":{"self":[{"href":"https:\/\/praline-chocolaterie.ch\/de\/wp-json\/wp\/v2\/product\/16664","targetHints":{"allow":["GET"]}}],"collection":[{"href":"https:\/\/praline-chocolaterie.ch\/de\/wp-json\/wp\/v2\/product"}],"about":[{"href":"https:\/\/praline-chocolaterie.ch\/de\/wp-json\/wp\/v2\/types\/product"}],"wp:featuredmedia":[{"embeddable":true,"href":"https:\/\/praline-chocolaterie.ch\/de\/wp-json\/wp\/v2\/media\/16670"}],"wp:attachment":[{"href":"https:\/\/praline-chocolaterie.ch\/de\/wp-json\/wp\/v2\/media?parent=16664"}],"wp:term":[{"taxonomy":"product_brand","embeddable":true,"href":"https:\/\/praline-chocolaterie.ch\/de\/wp-json\/wp\/v2\/product_brand?post=16664"},{"taxonomy":"product_cat","embeddable":true,"href":"https:\/\/praline-chocolaterie.ch\/de\/wp-json\/wp\/v2\/product_cat?post=16664"},{"taxonomy":"product_tag","embeddable":true,"href":"https:\/\/praline-chocolaterie.ch\/de\/wp-json\/wp\/v2\/product_tag?post=16664"}],"curies":[{"name":"wp","href":"https:\/\/api.w.org\/{rel}","templated":true}]}}